{"id":3,"date":"2022-11-16T04:03:06","date_gmt":"2022-11-16T04:03:06","guid":{"rendered":"https:\/\/www.innomotion.hu\/?page_id=3"},"modified":"2025-10-01T07:56:22","modified_gmt":"2025-10-01T07:56:22","slug":"adatvedelmi-tajekoztato","status":"publish","type":"page","link":"https:\/\/www.innomotion.hu\/en\/adatvedelmi-tajekoztato\/","title":{"rendered":"Privacy Policy"},"content":{"rendered":"<div class=\"wpb-content-wrapper\"><div class=\"vc_row wpb_row vc_row-fluid vc_custom_1759305249730 vc_row-bg-position-top\"><div class=\"wpb_column vc_column_container vc_col-sm-12\"><div class=\"vc_column-inner\"><div class=\"wpb_wrapper\">\n\t<div class=\"wpb_text_column wpb_content_element\" >\n\t\t<div class=\"wpb_wrapper\">\n\t\t\t<p>Az <strong>Innomotion Kft.<\/strong> (Headquarters: 9082 Gy\u0151r\u00fajbar\u00e1t, Vend\u00e9gfogad\u00f3 u. 2., company registration number: 08-09-035315, tax number: 24214300-2-08), as the data controller, places great importance on protecting the personal data of visitors and clients of the website. In handling personal data, the data controller acts in compliance with applicable laws, in particular the European Parliament and Council Regulation (EU) 2016\/679 (hereinafter: GDPR), as well as Act CXII of 2011 on the right to informational self-determination and freedom of information.<\/p>\n<p><strong>1. Purpose of Data Processing<\/strong><\/p>\n<p>Innomotion Kft. processes the personal data provided through the contact form on the website solely for the purpose of receiving, processing, and responding to your inquiry.<\/p>\n<p><strong>2. Scope of Processed Data<\/strong><\/p>\n<ul>\n<li>name,<\/li>\n<li>e-mail address,<\/li>\n<li>phone number (if you provide it),<\/li>\n<li>the content of the message,<\/li>\n<li>the date of the inquiry.<\/li>\n<\/ul>\n<p><strong>3. The legal basis for data processing<\/strong><\/p>\n<p>The legal basis for data processing is the data subject's consent pursuant to Article 6(1)(a) of the GDPR, which is given by filling out and submitting the form.<\/p>\n<p><strong>4. The duration of data processing<\/strong><\/p>\n<p>The data will be stored until the given inquiry has been fully answered, and for up to 6 months after the case is closed. After this period, it will be automatically deleted.<\/p>\n<p><strong>5. Data transfer and data processing<\/strong><\/p>\n<p>Personal data will not be transferred to third parties; it is only processed by the authorized employees of Innomotion Kft. Access to the data is protected by appropriate IT and administrative security measures.<\/p>\n<p><strong>6. Data security<\/strong><\/p>\n<p>Innomotion Kft. ensures the security of personal data under its control, and takes the necessary technical and organizational measures to protect personal data against unauthorized access, alteration, disclosure, deletion, or destruction.<\/p>\n<p><strong>7. The rights of data subjects<\/strong><\/p>\n<p>You have the right to:<\/p>\n<ul>\n<li><strong>request access<\/strong> to the data processed about you,<\/li>\n<li><strong>request correction<\/strong> in case of inaccurate or incomplete data,<\/li>\n<li><strong>request deletion<\/strong> (\"right to be forgotten\") if the data is no longer necessary or withdraw your consent,<\/li>\n<li><strong>request restriction of data processing<\/strong>,<\/li>\n<li><strong>object to<\/strong> the processing of your personal data,<\/li>\n<li><strong>exercise your right to data portability<\/strong>meaning that you are entitled to receive your data in a structured, commonly used, machine-readable format and to transmit them to another data controller,<\/li>\n<li><strong>you may withdraw your consent at any time,<\/strong>which does not affect the lawfulness of data processing before the withdrawal.<\/li>\n<\/ul>\n<p><strong>8. Legal remedies<\/strong><\/p>\n<p>If you believe that the processing of your personal data is unlawful, you may file a complaint with the National Authority for Data Protection and Freedom of Information (NAIH).<\/p>\n<p><strong>Nemzeti Adatv\u00e9delmi \u00e9s Inform\u00e1ci\u00f3szabads\u00e1g Hat\u00f3s\u00e1g<\/strong><br \/>Registered office: 1055 Budapest, Falk Miksa utca 9-11.<br \/>Mailing address: 1363 Budapest, Pf. 9.<br \/>Telephone: +36 (1) 391-1400<br \/>E-mail: <a href=\"mailto:ugyfelszolgalat@naih.hu\">ugyfelszolgalat@naih.hu<\/a><br \/>Web: <a href=\"http:\/\/www.naih.hu\/\">www.naih.hu<\/a><\/p>\n<p><strong>9. Cookie-k (s\u00fctik) kezel\u00e9se<\/strong><\/p>\n<p>A <a href=\"http:\/\/www.innomotion.hu\/en\/\">www.innomotion.hu<\/a> website currently does not use cookies that collect personal data. In case cookies are introduced in the future, the website will publish an updated notification.<\/p>\n<p><strong>10. Contact<\/strong><\/p>\n<p>Data controller: Innomotion Kft.<br \/>Registered office:  9082 Gy\u0151r\u00fajbar\u00e1t, Vend\u00e9gfogad\u00f3 u. 2.<br \/>Company registration number: 08-09-035315<br \/>Ad\u00f3sz\u00e1m: 24214300-2-08<br \/>E-mail: <a href=\"mailto:info@innomotion.hu\">info@innomotion.hu<\/a><\/p>\n<p>This privacy notice is effective as of October 1, 2025.<\/p>\n\n\t\t<\/div>\n\t<\/div>\n<\/div><\/div><\/div><\/div>\n<\/div>","protected":false},"excerpt":{"rendered":"Az Innomotion Kft. (sz\u00e9khely: 9082 Gy\u0151r\u00fajbar\u00e1t, Vend\u00e9gfogad\u00f3 u. 2., c\u00e9gjegyz\u00e9ksz\u00e1m: 08-09-035315, ad\u00f3sz\u00e1m: 24214300-2-08), mint adatkezel\u0151 kiemelten fontosnak tartja a weboldal [...]","protected":false},"author":1,"featured_media":0,"parent":0,"menu_order":0,"comment_status":"closed","ping_status":"closed","template":"","meta":{"footnotes":""},"class_list":["post-3","page","type-page","status-publish","hentry"],"yoast_head":"<!-- This site is optimized with the Yoast SEO plugin v27.3 - https:\/\/yoast.com\/product\/yoast-seo-wordpress\/ -->\n<title>Adatv\u00e9delmi t\u00e1j\u00e9koztat\u00f3 - Innomotion Kft.<\/title>\n<meta name=\"robots\" content=\"index, follow, max-snippet:-1, max-image-preview:large, max-video-preview:-1\" \/>\n<link rel=\"canonical\" href=\"https:\/\/www.innomotion.hu\/en\/adatvedelmi-tajekoztato\/\" \/>\n<meta property=\"og:locale\" content=\"en_US\" \/>\n<meta property=\"og:type\" content=\"article\" \/>\n<meta property=\"og:title\" content=\"Adatv\u00e9delmi t\u00e1j\u00e9koztat\u00f3 - Innomotion Kft.\" \/>\n<meta property=\"og:url\" content=\"https:\/\/www.innomotion.hu\/en\/adatvedelmi-tajekoztato\/\" \/>\n<meta property=\"og:site_name\" content=\"Innomotion Kft.\" \/>\n<meta property=\"article:modified_time\" content=\"2025-10-01T07:56:22+00:00\" \/>\n<meta name=\"twitter:card\" content=\"summary_large_image\" \/>\n<meta name=\"twitter:label1\" content=\"Est. reading time\" \/>\n\t<meta name=\"twitter:data1\" content=\"3 minutes\" \/>\n<script type=\"application\/ld+json\" class=\"yoast-schema-graph\">{\"@context\":\"https:\\\/\\\/schema.org\",\"@graph\":[{\"@type\":\"WebPage\",\"@id\":\"https:\\\/\\\/www.innomotion.hu\\\/adatvedelmi-tajekoztato\\\/\",\"url\":\"https:\\\/\\\/www.innomotion.hu\\\/adatvedelmi-tajekoztato\\\/\",\"name\":\"Adatv\u00e9delmi t\u00e1j\u00e9koztat\u00f3 - Innomotion Kft.\",\"isPartOf\":{\"@id\":\"https:\\\/\\\/www.innomotion.hu\\\/#website\"},\"datePublished\":\"2022-11-16T04:03:06+00:00\",\"dateModified\":\"2025-10-01T07:56:22+00:00\",\"breadcrumb\":{\"@id\":\"https:\\\/\\\/www.innomotion.hu\\\/adatvedelmi-tajekoztato\\\/#breadcrumb\"},\"inLanguage\":\"en-US\",\"potentialAction\":[{\"@type\":\"ReadAction\",\"target\":[\"https:\\\/\\\/www.innomotion.hu\\\/adatvedelmi-tajekoztato\\\/\"]}]},{\"@type\":\"BreadcrumbList\",\"@id\":\"https:\\\/\\\/www.innomotion.hu\\\/adatvedelmi-tajekoztato\\\/#breadcrumb\",\"itemListElement\":[{\"@type\":\"ListItem\",\"position\":1,\"name\":\"Kezd\u0151lap\",\"item\":\"https:\\\/\\\/www.innomotion.hu\\\/\"},{\"@type\":\"ListItem\",\"position\":2,\"name\":\"Adatv\u00e9delmi t\u00e1j\u00e9koztat\u00f3\"}]},{\"@type\":\"WebSite\",\"@id\":\"https:\\\/\\\/www.innomotion.hu\\\/#website\",\"url\":\"https:\\\/\\\/www.innomotion.hu\\\/\",\"name\":\"Innomotion Kft.\",\"description\":\"Egyedi g\u00e9pek tervez\u00e9se \u00e9s gy\u00e1rt\u00e1sa!\",\"potentialAction\":[{\"@type\":\"SearchAction\",\"target\":{\"@type\":\"EntryPoint\",\"urlTemplate\":\"https:\\\/\\\/www.innomotion.hu\\\/?s={search_term_string}\"},\"query-input\":{\"@type\":\"PropertyValueSpecification\",\"valueRequired\":true,\"valueName\":\"search_term_string\"}}],\"inLanguage\":\"en-US\"}]}<\/script>\n<!-- \/ Yoast SEO plugin. -->","yoast_head_json":{"title":"Adatv\u00e9delmi t\u00e1j\u00e9koztat\u00f3 - Innomotion Kft.","robots":{"index":"index","follow":"follow","max-snippet":"max-snippet:-1","max-image-preview":"max-image-preview:large","max-video-preview":"max-video-preview:-1"},"canonical":"https:\/\/www.innomotion.hu\/en\/adatvedelmi-tajekoztato\/","og_locale":"en_US","og_type":"article","og_title":"Adatv\u00e9delmi t\u00e1j\u00e9koztat\u00f3 - Innomotion Kft.","og_url":"https:\/\/www.innomotion.hu\/en\/adatvedelmi-tajekoztato\/","og_site_name":"Innomotion Kft.","article_modified_time":"2025-10-01T07:56:22+00:00","twitter_card":"summary_large_image","twitter_misc":{"Est. reading time":"3 minutes"},"schema":{"@context":"https:\/\/schema.org","@graph":[{"@type":"WebPage","@id":"https:\/\/www.innomotion.hu\/adatvedelmi-tajekoztato\/","url":"https:\/\/www.innomotion.hu\/adatvedelmi-tajekoztato\/","name":"Adatv\u00e9delmi t\u00e1j\u00e9koztat\u00f3 - Innomotion Kft.","isPartOf":{"@id":"https:\/\/www.innomotion.hu\/#website"},"datePublished":"2022-11-16T04:03:06+00:00","dateModified":"2025-10-01T07:56:22+00:00","breadcrumb":{"@id":"https:\/\/www.innomotion.hu\/adatvedelmi-tajekoztato\/#breadcrumb"},"inLanguage":"en-US","potentialAction":[{"@type":"ReadAction","target":["https:\/\/www.innomotion.hu\/adatvedelmi-tajekoztato\/"]}]},{"@type":"BreadcrumbList","@id":"https:\/\/www.innomotion.hu\/adatvedelmi-tajekoztato\/#breadcrumb","itemListElement":[{"@type":"ListItem","position":1,"name":"Kezd\u0151lap","item":"https:\/\/www.innomotion.hu\/"},{"@type":"ListItem","position":2,"name":"Adatv\u00e9delmi t\u00e1j\u00e9koztat\u00f3"}]},{"@type":"WebSite","@id":"https:\/\/www.innomotion.hu\/#website","url":"https:\/\/www.innomotion.hu\/","name":"Innomotion Kft.","description":"Egyedi g\u00e9pek tervez\u00e9se \u00e9s gy\u00e1rt\u00e1sa!","potentialAction":[{"@type":"SearchAction","target":{"@type":"EntryPoint","urlTemplate":"https:\/\/www.innomotion.hu\/?s={search_term_string}"},"query-input":{"@type":"PropertyValueSpecification","valueRequired":true,"valueName":"search_term_string"}}],"inLanguage":"en-US"}]}},"_links":{"self":[{"href":"https:\/\/www.innomotion.hu\/en\/wp-json\/wp\/v2\/pages\/3","targetHints":{"allow":["GET"]}}],"collection":[{"href":"https:\/\/www.innomotion.hu\/en\/wp-json\/wp\/v2\/pages"}],"about":[{"href":"https:\/\/www.innomotion.hu\/en\/wp-json\/wp\/v2\/types\/page"}],"author":[{"embeddable":true,"href":"https:\/\/www.innomotion.hu\/en\/wp-json\/wp\/v2\/users\/1"}],"replies":[{"embeddable":true,"href":"https:\/\/www.innomotion.hu\/en\/wp-json\/wp\/v2\/comments?post=3"}],"version-history":[{"count":2,"href":"https:\/\/www.innomotion.hu\/en\/wp-json\/wp\/v2\/pages\/3\/revisions"}],"predecessor-version":[{"id":9928,"href":"https:\/\/www.innomotion.hu\/en\/wp-json\/wp\/v2\/pages\/3\/revisions\/9928"}],"wp:attachment":[{"href":"https:\/\/www.innomotion.hu\/en\/wp-json\/wp\/v2\/media?parent=3"}],"curies":[{"name":"wp","href":"https:\/\/api.w.org\/{rel}","templated":true}]}}