{"id":9698,"date":"2024-04-10T10:01:10","date_gmt":"2024-04-10T10:01:10","guid":{"rendered":"https:\/\/www.innomotion.hu\/?page_id=9698"},"modified":"2025-09-26T07:42:19","modified_gmt":"2025-09-26T07:42:19","slug":"alkatreszgyartas","status":"publish","type":"page","link":"https:\/\/www.innomotion.hu\/en\/alkatreszgyartas\/","title":{"rendered":"Component manufacturing"},"content":{"rendered":"<div class=\"wpb-content-wrapper\"><div class=\"vc_row wpb_row vc_row-fluid vc_row-bg-position-top\"><div class=\"wpb_column vc_column_container vc_col-sm-12\"><div class=\"vc_column-inner\"><div class=\"wpb_wrapper\"><\/div><\/div><\/div><\/div><div data-vc-full-width=\"true\" data-vc-full-width-init=\"false\" class=\"vc_row wpb_row vc_row-fluid vc_custom_1712743201646 vc_row-has-padding-top vc_row-bg-position-top\"><div class=\"wpb_column vc_column_container vc_col-sm-12\"><div class=\"vc_column-inner\"><div class=\"wpb_wrapper\"><header class=\"kd-section-title col-lg-12 text-center  subtitle-below-title kd-animated fadeIn   vc_custom_1758872432992\" data-animation-delay=\"200\"><h2 class=\"separator_off\" >Manufacturing high quality custom components and small-batch parts<\/h2><h6 class=\"subtitle\" >Reliability and precision are the foundation of our custom parts manufacturing. Thanks to our in-house machining department, we are not dependent on external suppliers, ensuring that every component is produced to the highest quality standards, delivered on time, and tailored to specific client requirements.<\/p>\n<p>Our extensive manufacturing capabilities include, among others:<br \/>\n- sheet metal processing,<br \/>\n- welding,<br \/>\n- wire and die-sinking EDM,<br \/>\n- milling and gear cutting<\/p>\n<p>With our modern machinery and expert team, we provide our clients with precise, high-quality component manufacturing solutions.<\/h6><\/header><\/div><\/div><\/div><\/div><div class=\"vc_row-full-width vc_clearfix\"><\/div><div data-vc-full-width=\"true\" data-vc-full-width-init=\"false\" data-vc-stretch-content=\"true\" class=\"vc_row wpb_row vc_row-fluid vc_custom_1712743176852 vc_row-bg-position-top vc_row-o-content-middle vc_row-flex\"><div class=\"wpb_column vc_column_container vc_col-sm-12\"><div class=\"vc_column-inner vc_custom_1599051130307\"><div class=\"wpb_wrapper\"><div class=\"vc_row wpb_row vc_inner vc_row-fluid vc_custom_1710872440008 vc_custom_1710872440009 vc_custom_1710872440010 vc_row-has-fill vc_row-has-padding-top vc_row-has-padding-bottom vc_row-main-color-overlay vc_row-bg-position-top vc_row-o-content-middle vc_row-flex vc_inner_row-contained\"><div class=\"container\"><div class=\"wpb_column vc_column_container vc_col-sm-12 vc_col-lg-offset-0 vc_col-lg-6 vc_col-md-offset-0 vc_col-md-6 vc_col-sm-offset-0\"><div class=\"vc_column-inner vc_custom_1710872108228 vc_custom_1710872108229 vc_custom_1710872108229 vc_custom_1710872108230\"><div class=\"wpb_wrapper\">\n\t<div  class=\"wpb_single_image wpb_content_element vc_align_right wpb_content_element wpb_animate_when_almost_visible wpb_fadeIn fadeIn\">\n\t\t\n\t\t<figure class=\"wpb_wrapper vc_figure\">\n\t\t\t<div class=\"vc_single_image-wrapper   vc_box_border_grey\"><img loading=\"lazy\" decoding=\"async\" width=\"605\" height=\"680\" src=\"https:\/\/www.innomotion.hu\/wp-content\/uploads\/2024\/04\/forgacsolas-01.png\" class=\"vc_single_image-img attachment-full\" alt=\"Egyedi \u00e9s kissz\u00e9ri\u00e1s alkatr\u00e9szek gy\u00e1rt\u00e1sa\" title=\"forgacsolas-01\" srcset=\"https:\/\/www.innomotion.hu\/wp-content\/uploads\/2024\/04\/forgacsolas-01.png 605w, https:\/\/www.innomotion.hu\/wp-content\/uploads\/2024\/04\/forgacsolas-01-267x300.png 267w\" sizes=\"auto, (max-width: 605px) 100vw, 605px\" \/><\/div>\n\t\t<\/figure>\n\t<\/div>\n<div class=\"kd-shapes shape_dots with-parallax kd-animated zoomIn\" style=\"bottom: -50%;left: -36%;width: 172px;height: 340px;background-color: #afc7fe;\" data-parallax-speed=\"-0.05\" data-animation-delay=\"400\"><\/div><\/div><\/div><\/div><div class=\"wpb_column vc_column_container vc_col-sm-12 vc_col-lg-6 vc_col-md-6\"><div class=\"vc_column-inner vc_custom_1710872229492 vc_custom_1710872229493 vc_custom_1710872229494 vc_custom_1710872229494\"><div class=\"wpb_wrapper\"><div class=\"kd-shapes shape_dots with-parallax kd-animated zoomIn\" style=\"top: 50%;right: -50px;width: 172px;height: 157px;background-color: #afc7fe;\" data-parallax-speed=\"-0.1\" data-animation-delay=\"400\"><\/div>\n\t<div  class=\"wpb_single_image wpb_content_element vc_align_right wpb_content_element wpb_animate_when_almost_visible wpb_fadeIn fadeIn\">\n\t\t\n\t\t<figure class=\"wpb_wrapper vc_figure\">\n\t\t\t<div class=\"vc_single_image-wrapper   vc_box_border_grey\"><img loading=\"lazy\" decoding=\"async\" width=\"605\" height=\"680\" src=\"https:\/\/www.innomotion.hu\/wp-content\/uploads\/2024\/04\/forgacsolas-02.png\" class=\"vc_single_image-img attachment-full\" alt=\"Egyedi alkatr\u00e9szgy\u00e1rt\u00e1s Gy\u0151rben\" title=\"forgacsolas-02\" srcset=\"https:\/\/www.innomotion.hu\/wp-content\/uploads\/2024\/04\/forgacsolas-02.png 605w, https:\/\/www.innomotion.hu\/wp-content\/uploads\/2024\/04\/forgacsolas-02-267x300.png 267w\" sizes=\"auto, (max-width: 605px) 100vw, 605px\" \/><\/div>\n\t\t<\/figure>\n\t<\/div>\n<\/div><\/div><\/div><\/div><\/div><div class=\"vc_row wpb_row vc_inner vc_row-fluid vc_custom_1710872440008 vc_custom_1710872440009 vc_custom_1710872440010 vc_row-has-fill vc_row-has-padding-top vc_row-has-padding-bottom vc_row-main-color-overlay vc_row-bg-position-top vc_row-o-content-middle vc_row-flex vc_inner_row-contained\"><div class=\"container\"><div class=\"wpb_column vc_column_container vc_col-sm-12 vc_col-lg-offset-0 vc_col-lg-6 vc_col-md-offset-0 vc_col-md-6 vc_col-sm-offset-0\"><div class=\"vc_column-inner vc_custom_1710872108228 vc_custom_1710872108229 vc_custom_1710872108229 vc_custom_1710872108230\"><div class=\"wpb_wrapper\">\n\t<div  class=\"wpb_single_image wpb_content_element vc_align_right wpb_content_element wpb_animate_when_almost_visible wpb_fadeIn fadeIn\">\n\t\t\n\t\t<figure class=\"wpb_wrapper vc_figure\">\n\t\t\t<div class=\"vc_single_image-wrapper   vc_box_border_grey\"><img loading=\"lazy\" decoding=\"async\" width=\"605\" height=\"680\" src=\"https:\/\/www.innomotion.hu\/wp-content\/uploads\/2024\/04\/forgacsolas-03.png\" class=\"vc_single_image-img attachment-full\" alt=\"Egyedi szersz\u00e1m \u00e9s k\u00e9sz\u00fcl\u00e9k gy\u00e1rt\u00e1s\" title=\"forgacsolas-03\" srcset=\"https:\/\/www.innomotion.hu\/wp-content\/uploads\/2024\/04\/forgacsolas-03.png 605w, https:\/\/www.innomotion.hu\/wp-content\/uploads\/2024\/04\/forgacsolas-03-267x300.png 267w\" sizes=\"auto, (max-width: 605px) 100vw, 605px\" \/><\/div>\n\t\t<\/figure>\n\t<\/div>\n<div class=\"kd-shapes shape_dots with-parallax kd-animated zoomIn\" style=\"bottom: -50%;left: -36%;width: 172px;height: 340px;background-color: #afc7fe;\" data-parallax-speed=\"-0.05\" data-animation-delay=\"400\"><\/div><\/div><\/div><\/div><div class=\"wpb_column vc_column_container vc_col-sm-12 vc_col-lg-6 vc_col-md-6\"><div class=\"vc_column-inner vc_custom_1710872229492 vc_custom_1710872229493 vc_custom_1710872229494 vc_custom_1710872229494\"><div class=\"wpb_wrapper\"><div class=\"kd-shapes shape_dots with-parallax kd-animated zoomIn\" style=\"top: 50%;right: -50px;width: 172px;height: 157px;background-color: #afc7fe;\" data-parallax-speed=\"-0.1\" data-animation-delay=\"400\"><\/div>\n\t<div  class=\"wpb_single_image wpb_content_element vc_align_right wpb_content_element wpb_animate_when_almost_visible wpb_fadeIn fadeIn\">\n\t\t\n\t\t<figure class=\"wpb_wrapper vc_figure\">\n\t\t\t<div class=\"vc_single_image-wrapper   vc_box_border_grey\"><img loading=\"lazy\" decoding=\"async\" width=\"605\" height=\"680\" src=\"https:\/\/www.innomotion.hu\/wp-content\/uploads\/2024\/04\/forgacsolas-04.png\" class=\"vc_single_image-img attachment-full\" alt=\"Protot\u00edpus tervez\u00e9s \u00e9s gy\u00e1rt\u00e1s\" title=\"forgacsolas-04\" srcset=\"https:\/\/www.innomotion.hu\/wp-content\/uploads\/2024\/04\/forgacsolas-04.png 605w, https:\/\/www.innomotion.hu\/wp-content\/uploads\/2024\/04\/forgacsolas-04-267x300.png 267w\" sizes=\"auto, (max-width: 605px) 100vw, 605px\" \/><\/div>\n\t\t<\/figure>\n\t<\/div>\n<\/div><\/div><\/div><\/div><\/div><div class=\"vc_row wpb_row vc_inner vc_row-fluid vc_custom_1710872440008 vc_custom_1710872440009 vc_custom_1710872440010 vc_row-has-fill vc_row-has-padding-top vc_row-has-padding-bottom vc_row-main-color-overlay vc_row-bg-position-top vc_row-o-content-middle vc_row-flex vc_inner_row-contained\"><div class=\"container\"><div class=\"wpb_column vc_column_container vc_col-sm-12 vc_col-lg-offset-0 vc_col-lg-6 vc_col-md-offset-0 vc_col-md-6 vc_col-sm-offset-0\"><div class=\"vc_column-inner vc_custom_1710872108228 vc_custom_1710872108229 vc_custom_1710872108229 vc_custom_1710872108230\"><div class=\"wpb_wrapper\">\n\t<div  class=\"wpb_single_image wpb_content_element vc_align_right wpb_content_element wpb_animate_when_almost_visible wpb_fadeIn fadeIn\">\n\t\t\n\t\t<figure class=\"wpb_wrapper vc_figure\">\n\t\t\t<div class=\"vc_single_image-wrapper   vc_box_border_grey\"><img loading=\"lazy\" decoding=\"async\" width=\"605\" height=\"680\" src=\"https:\/\/www.innomotion.hu\/wp-content\/uploads\/2024\/04\/forgacsolas-05.png\" class=\"vc_single_image-img attachment-full\" alt=\"Egyedi- \u00e9s sz\u00e9ria alkatr\u00e9sz gy\u00e1rt\u00e1s\" title=\"forgacsolas-05\" srcset=\"https:\/\/www.innomotion.hu\/wp-content\/uploads\/2024\/04\/forgacsolas-05.png 605w, https:\/\/www.innomotion.hu\/wp-content\/uploads\/2024\/04\/forgacsolas-05-267x300.png 267w\" sizes=\"auto, (max-width: 605px) 100vw, 605px\" \/><\/div>\n\t\t<\/figure>\n\t<\/div>\n<div class=\"kd-shapes shape_dots with-parallax kd-animated zoomIn\" style=\"bottom: -50%;left: -36%;width: 172px;height: 340px;background-color: #afc7fe;\" data-parallax-speed=\"-0.05\" data-animation-delay=\"400\"><\/div><\/div><\/div><\/div><div class=\"wpb_column vc_column_container vc_col-sm-12 vc_col-lg-6 vc_col-md-6\"><div class=\"vc_column-inner vc_custom_1710872229492 vc_custom_1710872229493 vc_custom_1710872229494 vc_custom_1710872229494\"><div class=\"wpb_wrapper\"><div class=\"kd-shapes shape_dots with-parallax kd-animated zoomIn\" style=\"top: 50%;right: -50px;width: 172px;height: 157px;background-color: #afc7fe;\" data-parallax-speed=\"-0.1\" data-animation-delay=\"400\"><\/div><\/div><\/div><\/div><\/div><\/div><\/div><\/div><\/div><\/div><div class=\"vc_row-full-width vc_clearfix\"><\/div>\n<\/div>","protected":false},"excerpt":{"rendered":"Egyedi \u00e9s kissz\u00e9ri\u00e1s alkatr\u00e9szek gy\u00e1rt\u00e1saEgyedi alkatr\u00e9szeink gy\u00e1rt\u00e1s\u00e1ban a megb\u00edzhat\u00f3s\u00e1g \u00e9s a precizit\u00e1s az alap. Saj\u00e1t megmunk\u00e1l\u00f3 r\u00e9szleg\u00fcnk r\u00e9v\u00e9n nem f\u00fcgg\u00fcnk [...]","protected":false},"author":1,"featured_media":0,"parent":0,"menu_order":0,"comment_status":"closed","ping_status":"closed","template":"","meta":{"footnotes":""},"class_list":["post-9698","page","type-page","status-publish","hentry"],"yoast_head":"<!-- This site is optimized with the Yoast SEO plugin v27.3 - https:\/\/yoast.com\/product\/yoast-seo-wordpress\/ -->\n<title>Alkatr\u00e9szgy\u00e1rt\u00e1s - Innomotion Kft.<\/title>\n<meta name=\"description\" content=\"Egyedi \u00e9s kis\u2011sz\u00e9ri\u00e1s f\u00e9m\u2011 \u00e9s m\u0171anyag alkatr\u00e9szek gy\u00e1rt\u00e1sa: lemezmegmunk\u00e1l\u00e1s, hegeszt\u00e9s, huzal\u2011 \u00e9s t\u00f6mbszikr\u00e1z\u00e1s, v\u00e9s\u00e9s, fogaz\u00e1s.\" \/>\n<meta name=\"robots\" content=\"index, follow, max-snippet:-1, max-image-preview:large, max-video-preview:-1\" \/>\n<link rel=\"canonical\" href=\"https:\/\/www.innomotion.hu\/en\/alkatreszgyartas\/\" \/>\n<meta property=\"og:locale\" content=\"en_US\" \/>\n<meta property=\"og:type\" content=\"article\" \/>\n<meta property=\"og:title\" content=\"Alkatr\u00e9szgy\u00e1rt\u00e1s - Innomotion Kft.\" \/>\n<meta property=\"og:description\" content=\"Egyedi \u00e9s kis\u2011sz\u00e9ri\u00e1s f\u00e9m\u2011 \u00e9s m\u0171anyag alkatr\u00e9szek gy\u00e1rt\u00e1sa: lemezmegmunk\u00e1l\u00e1s, hegeszt\u00e9s, huzal\u2011 \u00e9s t\u00f6mbszikr\u00e1z\u00e1s, v\u00e9s\u00e9s, fogaz\u00e1s.\" \/>\n<meta property=\"og:url\" content=\"https:\/\/www.innomotion.hu\/en\/alkatreszgyartas\/\" \/>\n<meta property=\"og:site_name\" content=\"Innomotion Kft.\" \/>\n<meta property=\"article:modified_time\" content=\"2025-09-26T07:42:19+00:00\" \/>\n<meta name=\"twitter:card\" content=\"summary_large_image\" \/>\n<meta name=\"twitter:label1\" content=\"Est. reading time\" \/>\n\t<meta name=\"twitter:data1\" content=\"4 minutes\" \/>\n<script type=\"application\/ld+json\" class=\"yoast-schema-graph\">{\"@context\":\"https:\\\/\\\/schema.org\",\"@graph\":[{\"@type\":\"WebPage\",\"@id\":\"https:\\\/\\\/www.innomotion.hu\\\/alkatreszgyartas\\\/\",\"url\":\"https:\\\/\\\/www.innomotion.hu\\\/alkatreszgyartas\\\/\",\"name\":\"Alkatr\u00e9szgy\u00e1rt\u00e1s - Innomotion Kft.\",\"isPartOf\":{\"@id\":\"https:\\\/\\\/www.innomotion.hu\\\/#website\"},\"datePublished\":\"2024-04-10T10:01:10+00:00\",\"dateModified\":\"2025-09-26T07:42:19+00:00\",\"description\":\"Egyedi \u00e9s kis\u2011sz\u00e9ri\u00e1s f\u00e9m\u2011 \u00e9s m\u0171anyag alkatr\u00e9szek gy\u00e1rt\u00e1sa: lemezmegmunk\u00e1l\u00e1s, hegeszt\u00e9s, huzal\u2011 \u00e9s t\u00f6mbszikr\u00e1z\u00e1s, v\u00e9s\u00e9s, fogaz\u00e1s.\",\"breadcrumb\":{\"@id\":\"https:\\\/\\\/www.innomotion.hu\\\/alkatreszgyartas\\\/#breadcrumb\"},\"inLanguage\":\"en-US\",\"potentialAction\":[{\"@type\":\"ReadAction\",\"target\":[\"https:\\\/\\\/www.innomotion.hu\\\/alkatreszgyartas\\\/\"]}]},{\"@type\":\"BreadcrumbList\",\"@id\":\"https:\\\/\\\/www.innomotion.hu\\\/alkatreszgyartas\\\/#breadcrumb\",\"itemListElement\":[{\"@type\":\"ListItem\",\"position\":1,\"name\":\"Kezd\u0151lap\",\"item\":\"https:\\\/\\\/www.innomotion.hu\\\/\"},{\"@type\":\"ListItem\",\"position\":2,\"name\":\"Alkatr\u00e9szgy\u00e1rt\u00e1s\"}]},{\"@type\":\"WebSite\",\"@id\":\"https:\\\/\\\/www.innomotion.hu\\\/#website\",\"url\":\"https:\\\/\\\/www.innomotion.hu\\\/\",\"name\":\"Innomotion Kft.\",\"description\":\"Egyedi g\u00e9pek tervez\u00e9se \u00e9s gy\u00e1rt\u00e1sa!\",\"potentialAction\":[{\"@type\":\"SearchAction\",\"target\":{\"@type\":\"EntryPoint\",\"urlTemplate\":\"https:\\\/\\\/www.innomotion.hu\\\/?s={search_term_string}\"},\"query-input\":{\"@type\":\"PropertyValueSpecification\",\"valueRequired\":true,\"valueName\":\"search_term_string\"}}],\"inLanguage\":\"en-US\"}]}<\/script>\n<!-- \/ Yoast SEO plugin. -->","yoast_head_json":{"title":"Alkatr\u00e9szgy\u00e1rt\u00e1s - Innomotion Kft.","description":"Egyedi \u00e9s kis\u2011sz\u00e9ri\u00e1s f\u00e9m\u2011 \u00e9s m\u0171anyag alkatr\u00e9szek gy\u00e1rt\u00e1sa: lemezmegmunk\u00e1l\u00e1s, hegeszt\u00e9s, huzal\u2011 \u00e9s t\u00f6mbszikr\u00e1z\u00e1s, v\u00e9s\u00e9s, fogaz\u00e1s.","robots":{"index":"index","follow":"follow","max-snippet":"max-snippet:-1","max-image-preview":"max-image-preview:large","max-video-preview":"max-video-preview:-1"},"canonical":"https:\/\/www.innomotion.hu\/en\/alkatreszgyartas\/","og_locale":"en_US","og_type":"article","og_title":"Alkatr\u00e9szgy\u00e1rt\u00e1s - Innomotion Kft.","og_description":"Egyedi \u00e9s kis\u2011sz\u00e9ri\u00e1s f\u00e9m\u2011 \u00e9s m\u0171anyag alkatr\u00e9szek gy\u00e1rt\u00e1sa: lemezmegmunk\u00e1l\u00e1s, hegeszt\u00e9s, huzal\u2011 \u00e9s t\u00f6mbszikr\u00e1z\u00e1s, v\u00e9s\u00e9s, fogaz\u00e1s.","og_url":"https:\/\/www.innomotion.hu\/en\/alkatreszgyartas\/","og_site_name":"Innomotion Kft.","article_modified_time":"2025-09-26T07:42:19+00:00","twitter_card":"summary_large_image","twitter_misc":{"Est. reading time":"4 minutes"},"schema":{"@context":"https:\/\/schema.org","@graph":[{"@type":"WebPage","@id":"https:\/\/www.innomotion.hu\/alkatreszgyartas\/","url":"https:\/\/www.innomotion.hu\/alkatreszgyartas\/","name":"Alkatr\u00e9szgy\u00e1rt\u00e1s - Innomotion Kft.","isPartOf":{"@id":"https:\/\/www.innomotion.hu\/#website"},"datePublished":"2024-04-10T10:01:10+00:00","dateModified":"2025-09-26T07:42:19+00:00","description":"Egyedi \u00e9s kis\u2011sz\u00e9ri\u00e1s f\u00e9m\u2011 \u00e9s m\u0171anyag alkatr\u00e9szek gy\u00e1rt\u00e1sa: lemezmegmunk\u00e1l\u00e1s, hegeszt\u00e9s, huzal\u2011 \u00e9s t\u00f6mbszikr\u00e1z\u00e1s, v\u00e9s\u00e9s, fogaz\u00e1s.","breadcrumb":{"@id":"https:\/\/www.innomotion.hu\/alkatreszgyartas\/#breadcrumb"},"inLanguage":"en-US","potentialAction":[{"@type":"ReadAction","target":["https:\/\/www.innomotion.hu\/alkatreszgyartas\/"]}]},{"@type":"BreadcrumbList","@id":"https:\/\/www.innomotion.hu\/alkatreszgyartas\/#breadcrumb","itemListElement":[{"@type":"ListItem","position":1,"name":"Kezd\u0151lap","item":"https:\/\/www.innomotion.hu\/"},{"@type":"ListItem","position":2,"name":"Alkatr\u00e9szgy\u00e1rt\u00e1s"}]},{"@type":"WebSite","@id":"https:\/\/www.innomotion.hu\/#website","url":"https:\/\/www.innomotion.hu\/","name":"Innomotion Kft.","description":"Egyedi g\u00e9pek tervez\u00e9se \u00e9s gy\u00e1rt\u00e1sa!","potentialAction":[{"@type":"SearchAction","target":{"@type":"EntryPoint","urlTemplate":"https:\/\/www.innomotion.hu\/?s={search_term_string}"},"query-input":{"@type":"PropertyValueSpecification","valueRequired":true,"valueName":"search_term_string"}}],"inLanguage":"en-US"}]}},"_links":{"self":[{"href":"https:\/\/www.innomotion.hu\/en\/wp-json\/wp\/v2\/pages\/9698","targetHints":{"allow":["GET"]}}],"collection":[{"href":"https:\/\/www.innomotion.hu\/en\/wp-json\/wp\/v2\/pages"}],"about":[{"href":"https:\/\/www.innomotion.hu\/en\/wp-json\/wp\/v2\/types\/page"}],"author":[{"embeddable":true,"href":"https:\/\/www.innomotion.hu\/en\/wp-json\/wp\/v2\/users\/1"}],"replies":[{"embeddable":true,"href":"https:\/\/www.innomotion.hu\/en\/wp-json\/wp\/v2\/comments?post=9698"}],"version-history":[{"count":7,"href":"https:\/\/www.innomotion.hu\/en\/wp-json\/wp\/v2\/pages\/9698\/revisions"}],"predecessor-version":[{"id":9910,"href":"https:\/\/www.innomotion.hu\/en\/wp-json\/wp\/v2\/pages\/9698\/revisions\/9910"}],"wp:attachment":[{"href":"https:\/\/www.innomotion.hu\/en\/wp-json\/wp\/v2\/media?parent=9698"}],"curies":[{"name":"wp","href":"https:\/\/api.w.org\/{rel}","templated":true}]}}