{"id":9702,"date":"2024-04-10T10:02:44","date_gmt":"2024-04-10T10:02:44","guid":{"rendered":"https:\/\/www.innomotion.hu\/?page_id=9702"},"modified":"2025-09-29T11:55:03","modified_gmt":"2025-09-29T11:55:03","slug":"karbantartas","status":"publish","type":"page","link":"https:\/\/www.innomotion.hu\/en\/karbantartas\/","title":{"rendered":"Periodic or continuous machine maintenance and modernization"},"content":{"rendered":"<div class=\"wpb-content-wrapper\"><div class=\"vc_row wpb_row vc_row-fluid vc_row-bg-position-top\"><div class=\"wpb_column vc_column_container vc_col-sm-12\"><div class=\"vc_column-inner\"><div class=\"wpb_wrapper\"><\/div><\/div><\/div><\/div><div data-vc-full-width=\"true\" data-vc-full-width-init=\"false\" class=\"vc_row wpb_row vc_row-fluid vc_custom_1712743201646 vc_row-has-padding-top vc_row-bg-position-top\"><div class=\"wpb_column vc_column_container vc_col-sm-12\"><div class=\"vc_column-inner\"><div class=\"wpb_wrapper\"><header class=\"kd-section-title col-lg-12 text-center  subtitle-below-title kd-animated fadeIn   vc_custom_1758873037994\" data-animation-delay=\"200\"><h2 class=\"separator_off\" >Periodic or continuous machine maintenance and modernization<\/h2><h6 class=\"subtitle\" >Our company provides periodic or continuous maintenance for our partners\u2019 equipment, helping to prevent unplanned downtime and improve production efficiency.<\/p>\n<p>We are proud to be a contracted service partner of Igus Hungary. Within this framework, we handle the maintenance and replacement of moving components and energy chains of robotic stations, production cells, manipulators, and gantries in the Transdanubian region.<\/h6><\/header><\/div><\/div><\/div><\/div><div class=\"vc_row-full-width vc_clearfix\"><\/div><div data-vc-full-width=\"true\" data-vc-full-width-init=\"false\" data-vc-stretch-content=\"true\" class=\"vc_row wpb_row vc_row-fluid vc_custom_1712743176852 vc_row-bg-position-top vc_row-o-content-middle vc_row-flex\"><div class=\"wpb_column vc_column_container vc_col-sm-12\"><div class=\"vc_column-inner vc_custom_1599051130307\"><div class=\"wpb_wrapper\"><div class=\"vc_row wpb_row vc_inner vc_row-fluid vc_custom_1600783854194 vc_custom_1600783854195 vc_row-has-fill vc_row-has-padding-top vc_row-has-padding-bottom vc_row-main-color-overlay vc_row-bg-position-top vc_row-o-content-middle vc_row-flex vc_inner_row-contained\"><div class=\"container\"><div class=\"wpb_column vc_column_container vc_col-sm-12 vc_col-lg-offset-0 vc_col-lg-6 vc_col-md-offset-0 vc_col-md-6 vc_col-sm-offset-0\"><div class=\"vc_column-inner vc_custom_1600783709441 vc_custom_1600783709441 vc_custom_1600783709442 vc_custom_1600783709442\"><div class=\"wpb_wrapper\"><div class=\"kd-shapes shape_dots with-parallax kd-animated zoomIn\" style=\"bottom: -50%;left: -36%;width: 172px;height: 340px;background-color: #afc7fe;\" data-parallax-speed=\"-0.05\" data-animation-delay=\"400\"><\/div>\n\t<div class=\"wpb_text_column wpb_content_element\" >\n\t\t<div class=\"wpb_wrapper\">\n\t\t\t<p>Assembly services we offer:<br \/>\n\u2013 mechanical and electrical repairs, modernization<br \/>\n\u2013 PLC program optimization, expansion, and rewriting<br \/>\n\u2013 machine relocation and transfer<br \/>\n\u2013 on-site assembly work in production areas<\/p>\n\n\t\t<\/div>\n\t<\/div>\n<\/div><\/div><\/div><div class=\"wpb_column vc_column_container vc_col-sm-12 vc_col-lg-6 vc_col-md-6\"><div class=\"vc_column-inner vc_custom_1600783886221 vc_custom_1600783886222 vc_custom_1600783886222 vc_custom_1600783886223\"><div class=\"wpb_wrapper\"><div class=\"kd-shapes shape_dots with-parallax kd-animated zoomIn\" style=\"top: 50%;right: -50px;width: 172px;height: 157px;background-color: #afc7fe;\" data-parallax-speed=\"-0.1\" data-animation-delay=\"400\"><\/div>\n\t<div  class=\"wpb_single_image wpb_content_element vc_align_right wpb_content_element wpb_animate_when_almost_visible wpb_fadeIn fadeIn\">\n\t\t\n\t\t<figure class=\"wpb_wrapper vc_figure\">\n\t\t\t<div class=\"vc_single_image-wrapper   vc_box_border_grey\"><img loading=\"lazy\" decoding=\"async\" width=\"605\" height=\"680\" src=\"https:\/\/www.innomotion.hu\/wp-content\/uploads\/2024\/04\/karbantartas-01.png\" class=\"vc_single_image-img attachment-full\" alt=\"Karbantart\u00e1s, fel\u00faj\u00edt\u00e1s \u00e9s kop\u00f3alkatr\u00e9szgy\u00e1rt\u00e1s\" title=\"karbantartas-01\" srcset=\"https:\/\/www.innomotion.hu\/wp-content\/uploads\/2024\/04\/karbantartas-01.png 605w, https:\/\/www.innomotion.hu\/wp-content\/uploads\/2024\/04\/karbantartas-01-267x300.png 267w\" sizes=\"auto, (max-width: 605px) 100vw, 605px\" \/><\/div>\n\t\t<\/figure>\n\t<\/div>\n<\/div><\/div><\/div><\/div><\/div><\/div><\/div><\/div><\/div><div class=\"vc_row-full-width vc_clearfix\"><\/div>\n<\/div>","protected":false},"excerpt":{"rendered":"Karbantart\u00e1sC\u00e9g\u00fcnk v\u00e1llalja partnereink berendez\u00e9seinek id\u0151szakos vagy \u00e1lland\u00f3 karbantart\u00e1s\u00e1t, \u00edgy seg\u00edt\u00fcnk elker\u00fclni a nem tervezett le\u00e1ll\u00e1sokat \u00e9s n\u00f6velni a termel\u00e9s hat\u00e9konys\u00e1g\u00e1t. [...]","protected":false},"author":1,"featured_media":0,"parent":0,"menu_order":0,"comment_status":"closed","ping_status":"closed","template":"","meta":{"footnotes":""},"class_list":["post-9702","page","type-page","status-publish","hentry"],"yoast_head":"<!-- This site is optimized with the Yoast SEO plugin v27.3 - https:\/\/yoast.com\/product\/yoast-seo-wordpress\/ -->\n<title>Karbantart\u00e1s - Innomotion Kft.<\/title>\n<meta name=\"description\" content=\"Dun\u00e1nt\u00falon biztos\u00edtjuk robotcell\u00e1k, manipul\u00e1torok \u00e9s port\u00e1lok mozg\u00f3 elemeinek, energial\u00e1ncainak karbantart\u00e1s\u00e1t, cser\u00e9j\u00e9t \u00e9s gyors szerviz\u00e9t.\" \/>\n<meta name=\"robots\" content=\"index, follow, max-snippet:-1, max-image-preview:large, max-video-preview:-1\" \/>\n<link rel=\"canonical\" href=\"https:\/\/www.innomotion.hu\/en\/karbantartas\/\" \/>\n<meta property=\"og:locale\" content=\"en_US\" \/>\n<meta property=\"og:type\" content=\"article\" \/>\n<meta property=\"og:title\" content=\"Karbantart\u00e1s - Innomotion Kft.\" \/>\n<meta property=\"og:description\" content=\"Dun\u00e1nt\u00falon biztos\u00edtjuk robotcell\u00e1k, manipul\u00e1torok \u00e9s port\u00e1lok mozg\u00f3 elemeinek, energial\u00e1ncainak karbantart\u00e1s\u00e1t, cser\u00e9j\u00e9t \u00e9s gyors szerviz\u00e9t.\" \/>\n<meta property=\"og:url\" content=\"https:\/\/www.innomotion.hu\/en\/karbantartas\/\" \/>\n<meta property=\"og:site_name\" content=\"Innomotion Kft.\" \/>\n<meta property=\"article:modified_time\" content=\"2025-09-29T11:55:03+00:00\" \/>\n<meta name=\"twitter:card\" content=\"summary_large_image\" \/>\n<meta name=\"twitter:label1\" content=\"Est. reading time\" \/>\n\t<meta name=\"twitter:data1\" content=\"2 minutes\" \/>\n<script type=\"application\/ld+json\" class=\"yoast-schema-graph\">{\"@context\":\"https:\\\/\\\/schema.org\",\"@graph\":[{\"@type\":\"WebPage\",\"@id\":\"https:\\\/\\\/www.innomotion.hu\\\/karbantartas\\\/\",\"url\":\"https:\\\/\\\/www.innomotion.hu\\\/karbantartas\\\/\",\"name\":\"Karbantart\u00e1s - Innomotion Kft.\",\"isPartOf\":{\"@id\":\"https:\\\/\\\/www.innomotion.hu\\\/#website\"},\"datePublished\":\"2024-04-10T10:02:44+00:00\",\"dateModified\":\"2025-09-29T11:55:03+00:00\",\"description\":\"Dun\u00e1nt\u00falon biztos\u00edtjuk robotcell\u00e1k, manipul\u00e1torok \u00e9s port\u00e1lok mozg\u00f3 elemeinek, energial\u00e1ncainak karbantart\u00e1s\u00e1t, cser\u00e9j\u00e9t \u00e9s gyors szerviz\u00e9t.\",\"breadcrumb\":{\"@id\":\"https:\\\/\\\/www.innomotion.hu\\\/karbantartas\\\/#breadcrumb\"},\"inLanguage\":\"en-US\",\"potentialAction\":[{\"@type\":\"ReadAction\",\"target\":[\"https:\\\/\\\/www.innomotion.hu\\\/karbantartas\\\/\"]}]},{\"@type\":\"BreadcrumbList\",\"@id\":\"https:\\\/\\\/www.innomotion.hu\\\/karbantartas\\\/#breadcrumb\",\"itemListElement\":[{\"@type\":\"ListItem\",\"position\":1,\"name\":\"Kezd\u0151lap\",\"item\":\"https:\\\/\\\/www.innomotion.hu\\\/\"},{\"@type\":\"ListItem\",\"position\":2,\"name\":\"Karbantart\u00e1s\"}]},{\"@type\":\"WebSite\",\"@id\":\"https:\\\/\\\/www.innomotion.hu\\\/#website\",\"url\":\"https:\\\/\\\/www.innomotion.hu\\\/\",\"name\":\"Innomotion Kft.\",\"description\":\"Egyedi g\u00e9pek tervez\u00e9se \u00e9s gy\u00e1rt\u00e1sa!\",\"potentialAction\":[{\"@type\":\"SearchAction\",\"target\":{\"@type\":\"EntryPoint\",\"urlTemplate\":\"https:\\\/\\\/www.innomotion.hu\\\/?s={search_term_string}\"},\"query-input\":{\"@type\":\"PropertyValueSpecification\",\"valueRequired\":true,\"valueName\":\"search_term_string\"}}],\"inLanguage\":\"en-US\"}]}<\/script>\n<!-- \/ Yoast SEO plugin. -->","yoast_head_json":{"title":"Karbantart\u00e1s - Innomotion Kft.","description":"Dun\u00e1nt\u00falon biztos\u00edtjuk robotcell\u00e1k, manipul\u00e1torok \u00e9s port\u00e1lok mozg\u00f3 elemeinek, energial\u00e1ncainak karbantart\u00e1s\u00e1t, cser\u00e9j\u00e9t \u00e9s gyors szerviz\u00e9t.","robots":{"index":"index","follow":"follow","max-snippet":"max-snippet:-1","max-image-preview":"max-image-preview:large","max-video-preview":"max-video-preview:-1"},"canonical":"https:\/\/www.innomotion.hu\/en\/karbantartas\/","og_locale":"en_US","og_type":"article","og_title":"Karbantart\u00e1s - Innomotion Kft.","og_description":"Dun\u00e1nt\u00falon biztos\u00edtjuk robotcell\u00e1k, manipul\u00e1torok \u00e9s port\u00e1lok mozg\u00f3 elemeinek, energial\u00e1ncainak karbantart\u00e1s\u00e1t, cser\u00e9j\u00e9t \u00e9s gyors szerviz\u00e9t.","og_url":"https:\/\/www.innomotion.hu\/en\/karbantartas\/","og_site_name":"Innomotion Kft.","article_modified_time":"2025-09-29T11:55:03+00:00","twitter_card":"summary_large_image","twitter_misc":{"Est. reading time":"2 minutes"},"schema":{"@context":"https:\/\/schema.org","@graph":[{"@type":"WebPage","@id":"https:\/\/www.innomotion.hu\/karbantartas\/","url":"https:\/\/www.innomotion.hu\/karbantartas\/","name":"Karbantart\u00e1s - Innomotion Kft.","isPartOf":{"@id":"https:\/\/www.innomotion.hu\/#website"},"datePublished":"2024-04-10T10:02:44+00:00","dateModified":"2025-09-29T11:55:03+00:00","description":"Dun\u00e1nt\u00falon biztos\u00edtjuk robotcell\u00e1k, manipul\u00e1torok \u00e9s port\u00e1lok mozg\u00f3 elemeinek, energial\u00e1ncainak karbantart\u00e1s\u00e1t, cser\u00e9j\u00e9t \u00e9s gyors szerviz\u00e9t.","breadcrumb":{"@id":"https:\/\/www.innomotion.hu\/karbantartas\/#breadcrumb"},"inLanguage":"en-US","potentialAction":[{"@type":"ReadAction","target":["https:\/\/www.innomotion.hu\/karbantartas\/"]}]},{"@type":"BreadcrumbList","@id":"https:\/\/www.innomotion.hu\/karbantartas\/#breadcrumb","itemListElement":[{"@type":"ListItem","position":1,"name":"Kezd\u0151lap","item":"https:\/\/www.innomotion.hu\/"},{"@type":"ListItem","position":2,"name":"Karbantart\u00e1s"}]},{"@type":"WebSite","@id":"https:\/\/www.innomotion.hu\/#website","url":"https:\/\/www.innomotion.hu\/","name":"Innomotion Kft.","description":"Egyedi g\u00e9pek tervez\u00e9se \u00e9s gy\u00e1rt\u00e1sa!","potentialAction":[{"@type":"SearchAction","target":{"@type":"EntryPoint","urlTemplate":"https:\/\/www.innomotion.hu\/?s={search_term_string}"},"query-input":{"@type":"PropertyValueSpecification","valueRequired":true,"valueName":"search_term_string"}}],"inLanguage":"en-US"}]}},"_links":{"self":[{"href":"https:\/\/www.innomotion.hu\/en\/wp-json\/wp\/v2\/pages\/9702","targetHints":{"allow":["GET"]}}],"collection":[{"href":"https:\/\/www.innomotion.hu\/en\/wp-json\/wp\/v2\/pages"}],"about":[{"href":"https:\/\/www.innomotion.hu\/en\/wp-json\/wp\/v2\/types\/page"}],"author":[{"embeddable":true,"href":"https:\/\/www.innomotion.hu\/en\/wp-json\/wp\/v2\/users\/1"}],"replies":[{"embeddable":true,"href":"https:\/\/www.innomotion.hu\/en\/wp-json\/wp\/v2\/comments?post=9702"}],"version-history":[{"count":8,"href":"https:\/\/www.innomotion.hu\/en\/wp-json\/wp\/v2\/pages\/9702\/revisions"}],"predecessor-version":[{"id":9924,"href":"https:\/\/www.innomotion.hu\/en\/wp-json\/wp\/v2\/pages\/9702\/revisions\/9924"}],"wp:attachment":[{"href":"https:\/\/www.innomotion.hu\/en\/wp-json\/wp\/v2\/media?parent=9702"}],"curies":[{"name":"wp","href":"https:\/\/api.w.org\/{rel}","templated":true}]}}