{"id":9709,"date":"2024-04-10T10:21:04","date_gmt":"2024-04-10T10:21:04","guid":{"rendered":"https:\/\/www.innomotion.hu\/?page_id=9709"},"modified":"2025-07-16T13:39:40","modified_gmt":"2025-07-16T13:39:40","slug":"prototipusgyartas-es-3d-nyomtatas","status":"publish","type":"page","link":"https:\/\/www.innomotion.hu\/en\/prototipusgyartas-es-3d-nyomtatas\/","title":{"rendered":"Prototype production and 3D printing, including metal 3D printing"},"content":{"rendered":"<div class=\"wpb-content-wrapper\"><div class=\"vc_row wpb_row vc_row-fluid vc_row-bg-position-top\"><div class=\"wpb_column vc_column_container vc_col-sm-12\"><div class=\"vc_column-inner\"><div class=\"wpb_wrapper\"><\/div><\/div><\/div><\/div><div data-vc-full-width=\"true\" data-vc-full-width-init=\"false\" class=\"vc_row wpb_row vc_row-fluid vc_custom_1712743201646 vc_row-has-padding-top vc_row-bg-position-top\"><div class=\"wpb_column vc_column_container vc_col-sm-12\"><div class=\"vc_column-inner\"><div class=\"wpb_wrapper\"><header class=\"kd-section-title col-lg-12 text-center  subtitle-below-title kd-animated fadeIn   vc_custom_1712744543102\" data-animation-delay=\"200\"><h2 class=\"separator_off\" >Prototype production and 3D printing, including metal 3D printing<\/h2><h6 class=\"subtitle\" >C\u00e9g\u00fcnk Rendelkezik saj\u00e1t 3D nyomtat\u00f3kkal, mind FDM (BCN3D), mind DLP (Phrozen) technol\u00f3gi\u00e1val, valamint a Sz\u00e9chenyi Istv\u00e1n egyetemmel folytatott egy\u00fcttm\u0171k\u00f6d\u00e9s r\u00e9v\u00e9n lehet\u0151s\u00e9g\u00fcnk van f\u00e9m 3D nyomtat\u00e1sra is DMLS technol\u00f3gi\u00e1val (EOSINT M270)<\/h6><\/header><\/div><\/div><\/div><\/div><div class=\"vc_row-full-width vc_clearfix\"><\/div><div data-vc-full-width=\"true\" data-vc-full-width-init=\"false\" data-vc-stretch-content=\"true\" class=\"vc_row wpb_row vc_row-fluid vc_custom_1712743176852 vc_row-bg-position-top vc_row-o-content-middle vc_row-flex\"><div class=\"wpb_column vc_column_container vc_col-sm-12\"><div class=\"vc_column-inner vc_custom_1599051130307\"><div class=\"wpb_wrapper\"><div class=\"vc_row wpb_row vc_inner vc_row-fluid vc_custom_1710872440008 vc_custom_1710872440009 vc_custom_1710872440010 vc_row-has-fill vc_row-has-padding-top vc_row-has-padding-bottom vc_row-main-color-overlay vc_row-bg-position-top vc_row-o-content-middle vc_row-flex vc_inner_row-contained\"><div class=\"container\"><div class=\"wpb_column vc_column_container vc_col-sm-12 vc_col-lg-offset-0 vc_col-lg-6 vc_col-md-offset-0 vc_col-md-6 vc_col-sm-offset-0\"><div class=\"vc_column-inner vc_custom_1710872108228 vc_custom_1710872108229 vc_custom_1710872108229 vc_custom_1710872108230\"><div class=\"wpb_wrapper\">\n\t<div  class=\"wpb_single_image wpb_content_element vc_align_right wpb_content_element wpb_animate_when_almost_visible wpb_fadeIn fadeIn\">\n\t\t\n\t\t<figure class=\"wpb_wrapper vc_figure\">\n\t\t\t<div class=\"vc_single_image-wrapper   vc_box_border_grey\"><img loading=\"lazy\" decoding=\"async\" width=\"605\" height=\"680\" src=\"https:\/\/www.innomotion.hu\/wp-content\/uploads\/2024\/04\/3d-nyomtatas-01.png\" class=\"vc_single_image-img attachment-full\" alt=\"3D nyomtat\u00e1s Gy\u0151r\" title=\"3d-nyomtatas-01\" srcset=\"https:\/\/www.innomotion.hu\/wp-content\/uploads\/2024\/04\/3d-nyomtatas-01.png 605w, https:\/\/www.innomotion.hu\/wp-content\/uploads\/2024\/04\/3d-nyomtatas-01-267x300.png 267w\" sizes=\"auto, (max-width: 605px) 100vw, 605px\" \/><\/div>\n\t\t<\/figure>\n\t<\/div>\n<div class=\"kd-shapes shape_dots with-parallax kd-animated zoomIn\" style=\"bottom: -50%;left: -36%;width: 172px;height: 340px;background-color: #afc7fe;\" data-parallax-speed=\"-0.05\" data-animation-delay=\"400\"><\/div><\/div><\/div><\/div><div class=\"wpb_column vc_column_container vc_col-sm-12 vc_col-lg-6 vc_col-md-6\"><div class=\"vc_column-inner vc_custom_1710872229492 vc_custom_1710872229493 vc_custom_1710872229494 vc_custom_1710872229494\"><div class=\"wpb_wrapper\"><div class=\"kd-shapes shape_dots with-parallax kd-animated zoomIn\" style=\"top: 50%;right: -50px;width: 172px;height: 157px;background-color: #afc7fe;\" data-parallax-speed=\"-0.1\" data-animation-delay=\"400\"><\/div><ul class=\"kd-icon-list\" ><\/ul>\n\t<div  class=\"wpb_single_image wpb_content_element vc_align_right wpb_content_element wpb_animate_when_almost_visible wpb_fadeIn fadeIn\">\n\t\t\n\t\t<figure class=\"wpb_wrapper vc_figure\">\n\t\t\t<div class=\"vc_single_image-wrapper   vc_box_border_grey\"><img loading=\"lazy\" decoding=\"async\" width=\"605\" height=\"680\" src=\"https:\/\/www.innomotion.hu\/wp-content\/uploads\/2024\/04\/3d-nyomtatas-02.png\" class=\"vc_single_image-img attachment-full\" alt=\"Ipari 3D nyomtat\u00e1s Gy\u0151r\" title=\"3d-nyomtatas-02\" srcset=\"https:\/\/www.innomotion.hu\/wp-content\/uploads\/2024\/04\/3d-nyomtatas-02.png 605w, https:\/\/www.innomotion.hu\/wp-content\/uploads\/2024\/04\/3d-nyomtatas-02-267x300.png 267w\" sizes=\"auto, (max-width: 605px) 100vw, 605px\" \/><\/div>\n\t\t<\/figure>\n\t<\/div>\n<\/div><\/div><\/div><\/div><\/div><div class=\"vc_row wpb_row vc_inner vc_row-fluid vc_custom_1710872440008 vc_custom_1710872440009 vc_custom_1710872440010 vc_row-has-fill vc_row-has-padding-top vc_row-has-padding-bottom vc_row-main-color-overlay vc_row-bg-position-top vc_row-o-content-middle vc_row-flex vc_inner_row-contained\"><div class=\"container\"><div class=\"wpb_column vc_column_container vc_col-sm-12 vc_col-lg-offset-0 vc_col-lg-6 vc_col-md-offset-0 vc_col-md-6 vc_col-sm-offset-0\"><div class=\"vc_column-inner vc_custom_1710872108228 vc_custom_1710872108229 vc_custom_1710872108229 vc_custom_1710872108230\"><div class=\"wpb_wrapper\">\n\t<div  class=\"wpb_single_image wpb_content_element vc_align_right wpb_content_element wpb_animate_when_almost_visible wpb_fadeIn fadeIn\">\n\t\t\n\t\t<figure class=\"wpb_wrapper vc_figure\">\n\t\t\t<div class=\"vc_single_image-wrapper   vc_box_border_grey\"><img loading=\"lazy\" decoding=\"async\" width=\"605\" height=\"680\" src=\"https:\/\/www.innomotion.hu\/wp-content\/uploads\/2024\/04\/3d-nyomtatas-03.png\" class=\"vc_single_image-img attachment-full\" alt=\"3D nyomtatott alkatr\u00e9szek\" title=\"3d-nyomtatas-03\" srcset=\"https:\/\/www.innomotion.hu\/wp-content\/uploads\/2024\/04\/3d-nyomtatas-03.png 605w, https:\/\/www.innomotion.hu\/wp-content\/uploads\/2024\/04\/3d-nyomtatas-03-267x300.png 267w\" sizes=\"auto, (max-width: 605px) 100vw, 605px\" \/><\/div>\n\t\t<\/figure>\n\t<\/div>\n<div class=\"kd-shapes shape_dots with-parallax kd-animated zoomIn\" style=\"bottom: -50%;left: -36%;width: 172px;height: 340px;background-color: #afc7fe;\" data-parallax-speed=\"-0.05\" data-animation-delay=\"400\"><\/div><\/div><\/div><\/div><div class=\"wpb_column vc_column_container vc_col-sm-12 vc_col-lg-6 vc_col-md-6\"><div class=\"vc_column-inner vc_custom_1710872229492 vc_custom_1710872229493 vc_custom_1710872229494 vc_custom_1710872229494\"><div class=\"wpb_wrapper\"><div class=\"kd-shapes shape_dots with-parallax kd-animated zoomIn\" style=\"top: 50%;right: -50px;width: 172px;height: 157px;background-color: #afc7fe;\" data-parallax-speed=\"-0.1\" data-animation-delay=\"400\"><\/div><ul class=\"kd-icon-list\" ><\/ul>\n\t<div  class=\"wpb_single_image wpb_content_element vc_align_right wpb_content_element wpb_animate_when_almost_visible wpb_fadeIn fadeIn\">\n\t\t\n\t\t<figure class=\"wpb_wrapper vc_figure\">\n\t\t\t<div class=\"vc_single_image-wrapper   vc_box_border_grey\"><img loading=\"lazy\" decoding=\"async\" width=\"605\" height=\"680\" src=\"https:\/\/www.innomotion.hu\/wp-content\/uploads\/2024\/04\/3d-nyomtatas-04.png\" class=\"vc_single_image-img attachment-full\" alt=\"3d modellez\u00e9s\" title=\"3d-nyomtatas-04\" srcset=\"https:\/\/www.innomotion.hu\/wp-content\/uploads\/2024\/04\/3d-nyomtatas-04.png 605w, https:\/\/www.innomotion.hu\/wp-content\/uploads\/2024\/04\/3d-nyomtatas-04-267x300.png 267w\" sizes=\"auto, (max-width: 605px) 100vw, 605px\" \/><\/div>\n\t\t<\/figure>\n\t<\/div>\n<\/div><\/div><\/div><\/div><\/div><\/div><\/div><\/div><\/div><div class=\"vc_row-full-width vc_clearfix\"><\/div>\n<\/div>","protected":false},"excerpt":{"rendered":"Protot\u00edpusgy\u00e1rt\u00e1s \u00e9s 3D nyomtat\u00e1sC\u00e9g\u00fcnk Rendelkezik saj\u00e1t 3D nyomtat\u00f3kkal, mind FDM (BCN3D), mind DLP (Phrozen) technol\u00f3gi\u00e1val, valamint a Sz\u00e9chenyi Istv\u00e1n egyetemmel [...]","protected":false},"author":1,"featured_media":0,"parent":0,"menu_order":0,"comment_status":"closed","ping_status":"closed","template":"","meta":{"footnotes":""},"class_list":["post-9709","page","type-page","status-publish","hentry"],"yoast_head":"<!-- This site is optimized with the Yoast SEO plugin v27.3 - https:\/\/yoast.com\/product\/yoast-seo-wordpress\/ -->\n<title>Protot\u00edpusgy\u00e1rt\u00e1s \u00e9s 3D nyomtat\u00e1s - Innomotion Kft.<\/title>\n<meta name=\"description\" content=\"Professzion\u00e1lis protot\u00edpusgy\u00e1rt\u00e1s, 3D nyomtat\u00e1s m\u0171anyag \u00e9s f\u00e9m modellekhez. Az \u00f6tlett\u0151l a funkcion\u00e1lis protot\u00edpusig tart\u00f3, gyors fejleszt\u00e9ssel!\" \/>\n<meta name=\"robots\" content=\"index, follow, max-snippet:-1, max-image-preview:large, max-video-preview:-1\" \/>\n<link rel=\"canonical\" href=\"https:\/\/www.innomotion.hu\/en\/prototipusgyartas-es-3d-nyomtatas\/\" \/>\n<meta property=\"og:locale\" content=\"en_US\" \/>\n<meta property=\"og:type\" content=\"article\" \/>\n<meta property=\"og:title\" content=\"Protot\u00edpusgy\u00e1rt\u00e1s \u00e9s 3D nyomtat\u00e1s - Innomotion Kft.\" \/>\n<meta property=\"og:description\" content=\"Professzion\u00e1lis protot\u00edpusgy\u00e1rt\u00e1s, 3D nyomtat\u00e1s m\u0171anyag \u00e9s f\u00e9m modellekhez. Az \u00f6tlett\u0151l a funkcion\u00e1lis protot\u00edpusig tart\u00f3, gyors fejleszt\u00e9ssel!\" \/>\n<meta property=\"og:url\" content=\"https:\/\/www.innomotion.hu\/en\/prototipusgyartas-es-3d-nyomtatas\/\" \/>\n<meta property=\"og:site_name\" content=\"Innomotion Kft.\" \/>\n<meta property=\"article:modified_time\" content=\"2025-07-16T13:39:40+00:00\" \/>\n<meta name=\"twitter:card\" content=\"summary_large_image\" \/>\n<meta name=\"twitter:label1\" content=\"Est. reading time\" \/>\n\t<meta name=\"twitter:data1\" content=\"2 minutes\" \/>\n<script type=\"application\/ld+json\" class=\"yoast-schema-graph\">{\"@context\":\"https:\\\/\\\/schema.org\",\"@graph\":[{\"@type\":\"WebPage\",\"@id\":\"https:\\\/\\\/www.innomotion.hu\\\/prototipusgyartas-es-3d-nyomtatas\\\/\",\"url\":\"https:\\\/\\\/www.innomotion.hu\\\/prototipusgyartas-es-3d-nyomtatas\\\/\",\"name\":\"Protot\u00edpusgy\u00e1rt\u00e1s \u00e9s 3D nyomtat\u00e1s - Innomotion Kft.\",\"isPartOf\":{\"@id\":\"https:\\\/\\\/www.innomotion.hu\\\/#website\"},\"datePublished\":\"2024-04-10T10:21:04+00:00\",\"dateModified\":\"2025-07-16T13:39:40+00:00\",\"description\":\"Professzion\u00e1lis protot\u00edpusgy\u00e1rt\u00e1s, 3D nyomtat\u00e1s m\u0171anyag \u00e9s f\u00e9m modellekhez. Az \u00f6tlett\u0151l a funkcion\u00e1lis protot\u00edpusig tart\u00f3, gyors fejleszt\u00e9ssel!\",\"breadcrumb\":{\"@id\":\"https:\\\/\\\/www.innomotion.hu\\\/prototipusgyartas-es-3d-nyomtatas\\\/#breadcrumb\"},\"inLanguage\":\"en-US\",\"potentialAction\":[{\"@type\":\"ReadAction\",\"target\":[\"https:\\\/\\\/www.innomotion.hu\\\/prototipusgyartas-es-3d-nyomtatas\\\/\"]}]},{\"@type\":\"BreadcrumbList\",\"@id\":\"https:\\\/\\\/www.innomotion.hu\\\/prototipusgyartas-es-3d-nyomtatas\\\/#breadcrumb\",\"itemListElement\":[{\"@type\":\"ListItem\",\"position\":1,\"name\":\"Kezd\u0151lap\",\"item\":\"https:\\\/\\\/www.innomotion.hu\\\/\"},{\"@type\":\"ListItem\",\"position\":2,\"name\":\"Protot\u00edpusgy\u00e1rt\u00e1s \u00e9s 3D nyomtat\u00e1s\"}]},{\"@type\":\"WebSite\",\"@id\":\"https:\\\/\\\/www.innomotion.hu\\\/#website\",\"url\":\"https:\\\/\\\/www.innomotion.hu\\\/\",\"name\":\"Innomotion Kft.\",\"description\":\"Egyedi g\u00e9pek tervez\u00e9se \u00e9s gy\u00e1rt\u00e1sa!\",\"potentialAction\":[{\"@type\":\"SearchAction\",\"target\":{\"@type\":\"EntryPoint\",\"urlTemplate\":\"https:\\\/\\\/www.innomotion.hu\\\/?s={search_term_string}\"},\"query-input\":{\"@type\":\"PropertyValueSpecification\",\"valueRequired\":true,\"valueName\":\"search_term_string\"}}],\"inLanguage\":\"en-US\"}]}<\/script>\n<!-- \/ Yoast SEO plugin. -->","yoast_head_json":{"title":"Protot\u00edpusgy\u00e1rt\u00e1s \u00e9s 3D nyomtat\u00e1s - Innomotion Kft.","description":"Professzion\u00e1lis protot\u00edpusgy\u00e1rt\u00e1s, 3D nyomtat\u00e1s m\u0171anyag \u00e9s f\u00e9m modellekhez. Az \u00f6tlett\u0151l a funkcion\u00e1lis protot\u00edpusig tart\u00f3, gyors fejleszt\u00e9ssel!","robots":{"index":"index","follow":"follow","max-snippet":"max-snippet:-1","max-image-preview":"max-image-preview:large","max-video-preview":"max-video-preview:-1"},"canonical":"https:\/\/www.innomotion.hu\/en\/prototipusgyartas-es-3d-nyomtatas\/","og_locale":"en_US","og_type":"article","og_title":"Protot\u00edpusgy\u00e1rt\u00e1s \u00e9s 3D nyomtat\u00e1s - Innomotion Kft.","og_description":"Professzion\u00e1lis protot\u00edpusgy\u00e1rt\u00e1s, 3D nyomtat\u00e1s m\u0171anyag \u00e9s f\u00e9m modellekhez. Az \u00f6tlett\u0151l a funkcion\u00e1lis protot\u00edpusig tart\u00f3, gyors fejleszt\u00e9ssel!","og_url":"https:\/\/www.innomotion.hu\/en\/prototipusgyartas-es-3d-nyomtatas\/","og_site_name":"Innomotion Kft.","article_modified_time":"2025-07-16T13:39:40+00:00","twitter_card":"summary_large_image","twitter_misc":{"Est. reading time":"2 minutes"},"schema":{"@context":"https:\/\/schema.org","@graph":[{"@type":"WebPage","@id":"https:\/\/www.innomotion.hu\/prototipusgyartas-es-3d-nyomtatas\/","url":"https:\/\/www.innomotion.hu\/prototipusgyartas-es-3d-nyomtatas\/","name":"Protot\u00edpusgy\u00e1rt\u00e1s \u00e9s 3D nyomtat\u00e1s - Innomotion Kft.","isPartOf":{"@id":"https:\/\/www.innomotion.hu\/#website"},"datePublished":"2024-04-10T10:21:04+00:00","dateModified":"2025-07-16T13:39:40+00:00","description":"Professzion\u00e1lis protot\u00edpusgy\u00e1rt\u00e1s, 3D nyomtat\u00e1s m\u0171anyag \u00e9s f\u00e9m modellekhez. Az \u00f6tlett\u0151l a funkcion\u00e1lis protot\u00edpusig tart\u00f3, gyors fejleszt\u00e9ssel!","breadcrumb":{"@id":"https:\/\/www.innomotion.hu\/prototipusgyartas-es-3d-nyomtatas\/#breadcrumb"},"inLanguage":"en-US","potentialAction":[{"@type":"ReadAction","target":["https:\/\/www.innomotion.hu\/prototipusgyartas-es-3d-nyomtatas\/"]}]},{"@type":"BreadcrumbList","@id":"https:\/\/www.innomotion.hu\/prototipusgyartas-es-3d-nyomtatas\/#breadcrumb","itemListElement":[{"@type":"ListItem","position":1,"name":"Kezd\u0151lap","item":"https:\/\/www.innomotion.hu\/"},{"@type":"ListItem","position":2,"name":"Protot\u00edpusgy\u00e1rt\u00e1s \u00e9s 3D nyomtat\u00e1s"}]},{"@type":"WebSite","@id":"https:\/\/www.innomotion.hu\/#website","url":"https:\/\/www.innomotion.hu\/","name":"Innomotion Kft.","description":"Egyedi g\u00e9pek tervez\u00e9se \u00e9s gy\u00e1rt\u00e1sa!","potentialAction":[{"@type":"SearchAction","target":{"@type":"EntryPoint","urlTemplate":"https:\/\/www.innomotion.hu\/?s={search_term_string}"},"query-input":{"@type":"PropertyValueSpecification","valueRequired":true,"valueName":"search_term_string"}}],"inLanguage":"en-US"}]}},"_links":{"self":[{"href":"https:\/\/www.innomotion.hu\/en\/wp-json\/wp\/v2\/pages\/9709","targetHints":{"allow":["GET"]}}],"collection":[{"href":"https:\/\/www.innomotion.hu\/en\/wp-json\/wp\/v2\/pages"}],"about":[{"href":"https:\/\/www.innomotion.hu\/en\/wp-json\/wp\/v2\/types\/page"}],"author":[{"embeddable":true,"href":"https:\/\/www.innomotion.hu\/en\/wp-json\/wp\/v2\/users\/1"}],"replies":[{"embeddable":true,"href":"https:\/\/www.innomotion.hu\/en\/wp-json\/wp\/v2\/comments?post=9709"}],"version-history":[{"count":4,"href":"https:\/\/www.innomotion.hu\/en\/wp-json\/wp\/v2\/pages\/9709\/revisions"}],"predecessor-version":[{"id":9755,"href":"https:\/\/www.innomotion.hu\/en\/wp-json\/wp\/v2\/pages\/9709\/revisions\/9755"}],"wp:attachment":[{"href":"https:\/\/www.innomotion.hu\/en\/wp-json\/wp\/v2\/media?parent=9709"}],"curies":[{"name":"wp","href":"https:\/\/api.w.org\/{rel}","templated":true}]}}