{"id":9712,"date":"2024-04-10T10:21:41","date_gmt":"2024-04-10T10:21:41","guid":{"rendered":"https:\/\/www.innomotion.hu\/?page_id=9712"},"modified":"2025-07-28T10:53:12","modified_gmt":"2025-07-28T10:53:12","slug":"termekfejlesztes","status":"publish","type":"page","link":"https:\/\/www.innomotion.hu\/en\/termekfejlesztes\/","title":{"rendered":"Complex, industry-specific product development with engineering precision"},"content":{"rendered":"<div class=\"wpb-content-wrapper\"><div class=\"vc_row wpb_row vc_row-fluid vc_row-bg-position-top\"><div class=\"wpb_column vc_column_container vc_col-sm-12\"><div class=\"vc_column-inner\"><div class=\"wpb_wrapper\"><\/div><\/div><\/div><\/div><div data-vc-full-width=\"true\" data-vc-full-width-init=\"false\" class=\"vc_row wpb_row vc_row-fluid vc_custom_1712743201646 vc_row-has-padding-top vc_row-bg-position-top\"><div class=\"wpb_column vc_column_container vc_col-sm-12\"><div class=\"vc_column-inner\"><div class=\"wpb_wrapper\"><header class=\"kd-section-title col-lg-12 text-center  subtitle-below-title kd-animated fadeIn   vc_custom_1712744583492\" data-animation-delay=\"200\"><h2 class=\"separator_off\" >Complex, industry-specific product development with engineering precision<\/h2><h6 class=\"subtitle\" >In response to the COVID-19 situation in 2020, we developed our PlexShield face shield. Initially offered to the healthcare sector, it was also produced on a commercial basis for residential and industrial use, with tens of thousands of units manufactured.<\/h6><\/header><\/div><\/div><\/div><\/div><div class=\"vc_row-full-width vc_clearfix\"><\/div><div data-vc-full-width=\"true\" data-vc-full-width-init=\"false\" data-vc-stretch-content=\"true\" class=\"vc_row wpb_row vc_row-fluid vc_custom_1712743176852 vc_row-bg-position-top vc_row-o-content-middle vc_row-flex\"><div class=\"wpb_column vc_column_container vc_col-sm-12\"><div class=\"vc_column-inner vc_custom_1599051130307\"><div class=\"wpb_wrapper\"><div class=\"vc_row wpb_row vc_inner vc_row-fluid vc_custom_1710872440008 vc_custom_1710872440009 vc_custom_1710872440010 vc_row-has-fill vc_row-has-padding-top vc_row-has-padding-bottom vc_row-main-color-overlay vc_row-bg-position-top vc_row-o-content-middle vc_row-flex vc_inner_row-contained\"><div class=\"container\"><div class=\"wpb_column vc_column_container vc_col-sm-12 vc_col-lg-offset-0 vc_col-lg-6 vc_col-md-offset-0 vc_col-md-6 vc_col-sm-offset-0\"><div class=\"vc_column-inner vc_custom_1710872108228 vc_custom_1710872108229 vc_custom_1710872108229 vc_custom_1710872108230\"><div class=\"wpb_wrapper\">\n\t<div  class=\"wpb_single_image wpb_content_element vc_align_right wpb_content_element wpb_animate_when_almost_visible wpb_fadeIn fadeIn\">\n\t\t\n\t\t<figure class=\"wpb_wrapper vc_figure\">\n\t\t\t<div class=\"vc_single_image-wrapper   vc_box_border_grey\"><img loading=\"lazy\" decoding=\"async\" width=\"605\" height=\"680\" src=\"https:\/\/www.innomotion.hu\/wp-content\/uploads\/2024\/04\/termekfejelsztes-01.png\" class=\"vc_single_image-img attachment-full\" alt=\"Egyedi protot\u00edpus gy\u00e1rt\u00e1s\" title=\"termekfejelsztes-01\" srcset=\"https:\/\/www.innomotion.hu\/wp-content\/uploads\/2024\/04\/termekfejelsztes-01.png 605w, https:\/\/www.innomotion.hu\/wp-content\/uploads\/2024\/04\/termekfejelsztes-01-267x300.png 267w\" sizes=\"auto, (max-width: 605px) 100vw, 605px\" \/><\/div>\n\t\t<\/figure>\n\t<\/div>\n<div class=\"kd-shapes shape_dots with-parallax kd-animated zoomIn\" style=\"bottom: -50%;left: -36%;width: 172px;height: 340px;background-color: #afc7fe;\" data-parallax-speed=\"-0.05\" data-animation-delay=\"400\"><\/div><\/div><\/div><\/div><div class=\"wpb_column vc_column_container vc_col-sm-12 vc_col-lg-6 vc_col-md-6\"><div class=\"vc_column-inner vc_custom_1710872229492 vc_custom_1710872229493 vc_custom_1710872229494 vc_custom_1710872229494\"><div class=\"wpb_wrapper\"><div class=\"kd-shapes shape_dots with-parallax kd-animated zoomIn\" style=\"top: 50%;right: -50px;width: 172px;height: 157px;background-color: #afc7fe;\" data-parallax-speed=\"-0.1\" data-animation-delay=\"400\"><\/div>\n\t<div  class=\"wpb_single_image wpb_content_element vc_align_right wpb_content_element wpb_animate_when_almost_visible wpb_fadeIn fadeIn\">\n\t\t\n\t\t<figure class=\"wpb_wrapper vc_figure\">\n\t\t\t<div class=\"vc_single_image-wrapper   vc_box_border_grey\"><img loading=\"lazy\" decoding=\"async\" width=\"605\" height=\"680\" src=\"https:\/\/www.innomotion.hu\/wp-content\/uploads\/2024\/04\/termekfejelsztes-02.png\" class=\"vc_single_image-img attachment-full\" alt=\"Egyedi term\u00e9kek fejleszt\u00e9se \u00e9s gy\u00e1rt\u00e1sa\" title=\"termekfejelsztes-02\" srcset=\"https:\/\/www.innomotion.hu\/wp-content\/uploads\/2024\/04\/termekfejelsztes-02.png 605w, https:\/\/www.innomotion.hu\/wp-content\/uploads\/2024\/04\/termekfejelsztes-02-267x300.png 267w\" sizes=\"auto, (max-width: 605px) 100vw, 605px\" \/><\/div>\n\t\t<\/figure>\n\t<\/div>\n<\/div><\/div><\/div><\/div><\/div><\/div><\/div><\/div><\/div><div class=\"vc_row-full-width vc_clearfix\"><\/div>\n<\/div>","protected":false},"excerpt":{"rendered":"Term\u00e9kfejleszt\u00e9sA 2020-as COVID-19-es helyzetre reflekt\u00e1lva az eg\u00e9szs\u00e9g\u00fcgy sz\u00e1m\u00e1ra felaj\u00e1nl\u00e1sk\u00e9nt, m\u00edg a lakoss\u00e1gi \u00e9s ipari felhaszn\u00e1l\u00e1s c\u00e9lj\u00e1b\u00f3l \u00fczleti alapon kifejleszt\u00e9sre ker\u00fclt [...]","protected":false},"author":1,"featured_media":0,"parent":0,"menu_order":0,"comment_status":"closed","ping_status":"closed","template":"","meta":{"footnotes":""},"class_list":["post-9712","page","type-page","status-publish","hentry"],"yoast_head":"<!-- This site is optimized with the Yoast SEO plugin v27.3 - https:\/\/yoast.com\/product\/yoast-seo-wordpress\/ -->\n<title>Term\u00e9kfejleszt\u00e9s - Innomotion Kft.<\/title>\n<meta name=\"description\" content=\"Egyedi term\u00e9kek fejleszt\u00e9se az \u00f6tlett\u0151l a gy\u00e1rt\u00e1sig. M\u00e9rn\u00f6ki t\u00e1mogat\u00e1s, protot\u00edpusgy\u00e1rt\u00e1s \u00e9s sorozatgy\u00e1rt\u00e1s ipari partnerek sz\u00e1m\u00e1ra.\" \/>\n<meta name=\"robots\" content=\"index, follow, max-snippet:-1, max-image-preview:large, max-video-preview:-1\" \/>\n<link rel=\"canonical\" href=\"https:\/\/www.innomotion.hu\/en\/termekfejlesztes\/\" \/>\n<meta property=\"og:locale\" content=\"en_US\" \/>\n<meta property=\"og:type\" content=\"article\" \/>\n<meta property=\"og:title\" content=\"Term\u00e9kfejleszt\u00e9s - Innomotion Kft.\" \/>\n<meta property=\"og:description\" content=\"Egyedi term\u00e9kek fejleszt\u00e9se az \u00f6tlett\u0151l a gy\u00e1rt\u00e1sig. M\u00e9rn\u00f6ki t\u00e1mogat\u00e1s, protot\u00edpusgy\u00e1rt\u00e1s \u00e9s sorozatgy\u00e1rt\u00e1s ipari partnerek sz\u00e1m\u00e1ra.\" \/>\n<meta property=\"og:url\" content=\"https:\/\/www.innomotion.hu\/en\/termekfejlesztes\/\" \/>\n<meta property=\"og:site_name\" content=\"Innomotion Kft.\" \/>\n<meta property=\"article:modified_time\" content=\"2025-07-28T10:53:12+00:00\" \/>\n<meta name=\"twitter:card\" content=\"summary_large_image\" \/>\n<meta name=\"twitter:label1\" content=\"Est. reading time\" \/>\n\t<meta name=\"twitter:data1\" content=\"1 minute\" \/>\n<script type=\"application\/ld+json\" class=\"yoast-schema-graph\">{\"@context\":\"https:\\\/\\\/schema.org\",\"@graph\":[{\"@type\":\"WebPage\",\"@id\":\"https:\\\/\\\/www.innomotion.hu\\\/termekfejlesztes\\\/\",\"url\":\"https:\\\/\\\/www.innomotion.hu\\\/termekfejlesztes\\\/\",\"name\":\"Term\u00e9kfejleszt\u00e9s - Innomotion Kft.\",\"isPartOf\":{\"@id\":\"https:\\\/\\\/www.innomotion.hu\\\/#website\"},\"datePublished\":\"2024-04-10T10:21:41+00:00\",\"dateModified\":\"2025-07-28T10:53:12+00:00\",\"description\":\"Egyedi term\u00e9kek fejleszt\u00e9se az \u00f6tlett\u0151l a gy\u00e1rt\u00e1sig. M\u00e9rn\u00f6ki t\u00e1mogat\u00e1s, protot\u00edpusgy\u00e1rt\u00e1s \u00e9s sorozatgy\u00e1rt\u00e1s ipari partnerek sz\u00e1m\u00e1ra.\",\"breadcrumb\":{\"@id\":\"https:\\\/\\\/www.innomotion.hu\\\/termekfejlesztes\\\/#breadcrumb\"},\"inLanguage\":\"en-US\",\"potentialAction\":[{\"@type\":\"ReadAction\",\"target\":[\"https:\\\/\\\/www.innomotion.hu\\\/termekfejlesztes\\\/\"]}]},{\"@type\":\"BreadcrumbList\",\"@id\":\"https:\\\/\\\/www.innomotion.hu\\\/termekfejlesztes\\\/#breadcrumb\",\"itemListElement\":[{\"@type\":\"ListItem\",\"position\":1,\"name\":\"Kezd\u0151lap\",\"item\":\"https:\\\/\\\/www.innomotion.hu\\\/\"},{\"@type\":\"ListItem\",\"position\":2,\"name\":\"Term\u00e9kfejleszt\u00e9s\"}]},{\"@type\":\"WebSite\",\"@id\":\"https:\\\/\\\/www.innomotion.hu\\\/#website\",\"url\":\"https:\\\/\\\/www.innomotion.hu\\\/\",\"name\":\"Innomotion Kft.\",\"description\":\"Egyedi g\u00e9pek tervez\u00e9se \u00e9s gy\u00e1rt\u00e1sa!\",\"potentialAction\":[{\"@type\":\"SearchAction\",\"target\":{\"@type\":\"EntryPoint\",\"urlTemplate\":\"https:\\\/\\\/www.innomotion.hu\\\/?s={search_term_string}\"},\"query-input\":{\"@type\":\"PropertyValueSpecification\",\"valueRequired\":true,\"valueName\":\"search_term_string\"}}],\"inLanguage\":\"en-US\"}]}<\/script>\n<!-- \/ Yoast SEO plugin. -->","yoast_head_json":{"title":"Term\u00e9kfejleszt\u00e9s - Innomotion Kft.","description":"Egyedi term\u00e9kek fejleszt\u00e9se az \u00f6tlett\u0151l a gy\u00e1rt\u00e1sig. M\u00e9rn\u00f6ki t\u00e1mogat\u00e1s, protot\u00edpusgy\u00e1rt\u00e1s \u00e9s sorozatgy\u00e1rt\u00e1s ipari partnerek sz\u00e1m\u00e1ra.","robots":{"index":"index","follow":"follow","max-snippet":"max-snippet:-1","max-image-preview":"max-image-preview:large","max-video-preview":"max-video-preview:-1"},"canonical":"https:\/\/www.innomotion.hu\/en\/termekfejlesztes\/","og_locale":"en_US","og_type":"article","og_title":"Term\u00e9kfejleszt\u00e9s - Innomotion Kft.","og_description":"Egyedi term\u00e9kek fejleszt\u00e9se az \u00f6tlett\u0151l a gy\u00e1rt\u00e1sig. M\u00e9rn\u00f6ki t\u00e1mogat\u00e1s, protot\u00edpusgy\u00e1rt\u00e1s \u00e9s sorozatgy\u00e1rt\u00e1s ipari partnerek sz\u00e1m\u00e1ra.","og_url":"https:\/\/www.innomotion.hu\/en\/termekfejlesztes\/","og_site_name":"Innomotion Kft.","article_modified_time":"2025-07-28T10:53:12+00:00","twitter_card":"summary_large_image","twitter_misc":{"Est. reading time":"1 minute"},"schema":{"@context":"https:\/\/schema.org","@graph":[{"@type":"WebPage","@id":"https:\/\/www.innomotion.hu\/termekfejlesztes\/","url":"https:\/\/www.innomotion.hu\/termekfejlesztes\/","name":"Term\u00e9kfejleszt\u00e9s - Innomotion Kft.","isPartOf":{"@id":"https:\/\/www.innomotion.hu\/#website"},"datePublished":"2024-04-10T10:21:41+00:00","dateModified":"2025-07-28T10:53:12+00:00","description":"Egyedi term\u00e9kek fejleszt\u00e9se az \u00f6tlett\u0151l a gy\u00e1rt\u00e1sig. M\u00e9rn\u00f6ki t\u00e1mogat\u00e1s, protot\u00edpusgy\u00e1rt\u00e1s \u00e9s sorozatgy\u00e1rt\u00e1s ipari partnerek sz\u00e1m\u00e1ra.","breadcrumb":{"@id":"https:\/\/www.innomotion.hu\/termekfejlesztes\/#breadcrumb"},"inLanguage":"en-US","potentialAction":[{"@type":"ReadAction","target":["https:\/\/www.innomotion.hu\/termekfejlesztes\/"]}]},{"@type":"BreadcrumbList","@id":"https:\/\/www.innomotion.hu\/termekfejlesztes\/#breadcrumb","itemListElement":[{"@type":"ListItem","position":1,"name":"Kezd\u0151lap","item":"https:\/\/www.innomotion.hu\/"},{"@type":"ListItem","position":2,"name":"Term\u00e9kfejleszt\u00e9s"}]},{"@type":"WebSite","@id":"https:\/\/www.innomotion.hu\/#website","url":"https:\/\/www.innomotion.hu\/","name":"Innomotion Kft.","description":"Egyedi g\u00e9pek tervez\u00e9se \u00e9s gy\u00e1rt\u00e1sa!","potentialAction":[{"@type":"SearchAction","target":{"@type":"EntryPoint","urlTemplate":"https:\/\/www.innomotion.hu\/?s={search_term_string}"},"query-input":{"@type":"PropertyValueSpecification","valueRequired":true,"valueName":"search_term_string"}}],"inLanguage":"en-US"}]}},"_links":{"self":[{"href":"https:\/\/www.innomotion.hu\/en\/wp-json\/wp\/v2\/pages\/9712","targetHints":{"allow":["GET"]}}],"collection":[{"href":"https:\/\/www.innomotion.hu\/en\/wp-json\/wp\/v2\/pages"}],"about":[{"href":"https:\/\/www.innomotion.hu\/en\/wp-json\/wp\/v2\/types\/page"}],"author":[{"embeddable":true,"href":"https:\/\/www.innomotion.hu\/en\/wp-json\/wp\/v2\/users\/1"}],"replies":[{"embeddable":true,"href":"https:\/\/www.innomotion.hu\/en\/wp-json\/wp\/v2\/comments?post=9712"}],"version-history":[{"count":3,"href":"https:\/\/www.innomotion.hu\/en\/wp-json\/wp\/v2\/pages\/9712\/revisions"}],"predecessor-version":[{"id":9758,"href":"https:\/\/www.innomotion.hu\/en\/wp-json\/wp\/v2\/pages\/9712\/revisions\/9758"}],"wp:attachment":[{"href":"https:\/\/www.innomotion.hu\/en\/wp-json\/wp\/v2\/media?parent=9712"}],"curies":[{"name":"wp","href":"https:\/\/api.w.org\/{rel}","templated":true}]}}