{"id":9771,"date":"2025-03-20T13:59:06","date_gmt":"2025-03-20T13:59:06","guid":{"rendered":"https:\/\/www.innomotion.hu\/?page_id=9771"},"modified":"2025-03-20T14:10:08","modified_gmt":"2025-03-20T14:10:08","slug":"palyazat","status":"publish","type":"page","link":"https:\/\/www.innomotion.hu\/en\/palyazat\/","title":{"rendered":"GINOP"},"content":{"rendered":"<div class=\"wpb-content-wrapper\"><div class=\"vc_row wpb_row vc_row-fluid vc_row-bg-position-top\"><div class=\"wpb_column vc_column_container vc_col-sm-12\"><div class=\"vc_column-inner\"><div class=\"wpb_wrapper\"><\/div><\/div><\/div><\/div><div data-vc-full-width=\"true\" data-vc-full-width-init=\"false\" class=\"vc_row wpb_row vc_row-fluid vc_custom_1712743201646 vc_row-has-padding-top vc_row-bg-position-top\"><div class=\"wpb_column vc_column_container vc_col-sm-12\"><div class=\"vc_column-inner\"><div class=\"wpb_wrapper\"><header class=\"kd-section-title col-lg-12 text-left  subtitle-below-title kd-animated fadeIn   vc_custom_1742479293354\" data-animation-delay=\"200\"><h2 class=\"separator_off\" >GINOP Plusz-3.2.1-21: \"Improving Employee and Company Adaptability<br \/>\nand Productivity Through Workforce Development\"<\/h2><\/header><\/div><\/div><\/div><\/div><div class=\"vc_row-full-width vc_clearfix\"><\/div><div class=\"vc_row wpb_row vc_row-fluid vc_row-bg-position-top\"><div class=\"wpb_column vc_column_container vc_col-sm-12\"><div class=\"vc_column-inner\"><div class=\"wpb_wrapper\">\n\t<div class=\"wpb_text_column wpb_content_element\" >\n\t\t<div class=\"wpb_wrapper\">\n\t\t\t<p>Name of the beneficiary: <strong>Innomotion Kereskedelmi \u00e9s Szolg\u00e1ltat\u00f3 Kft.<\/strong><\/p>\n<p>Amount of the contracted support: <strong>5.125.600 Ft<\/strong><\/p>\n<p><strong>Title and objective of the trainings, and detailed description of the trainings:<\/strong><\/p>\n<p>Title of the training: <strong>Communication and Conflict Management<\/strong><br \/>\nObjective of the training: <strong>The aim of the training program is for participants to develop their communication skills and to become familiar with conflict management techniques.<\/strong><\/p>\n<p>Title of the training: <strong>Effective Team Building<\/strong><br \/>\nObjective of the training: <strong>The aim of the training is for participants to acquire the knowledge necessary for effective team building.<\/strong><\/p>\n<p>Title of the training: <strong>Information Technology (IT) Competency Development<\/strong><br \/>\nObjective of the training: <strong>The goal of the training program is for participants to develop their information technology (IT) competencies.<\/strong><\/p>\n<p>Detailed description of the trainings:<\/p>\n<p><strong>Communication and Conflict Management:<\/strong><\/p>\n<ul>\n<li>Verbal and Nonverbal Communication<\/li>\n<li>One-way and Two-way Communication<\/li>\n<li>Organizational and Public Communication<\/li>\n<li>Empathy<\/li>\n<li>Active listening<\/li>\n<li>Questioning techniques<\/li>\n<li>Open and closed questions<\/li>\n<li>Communication barriers<\/li>\n<li>Active, attentive listening<\/li>\n<li>Information distortion<\/li>\n<li>Presentation skills<\/li>\n<li>The relationship between personality and behavior<\/li>\n<li>Life positions<\/li>\n<li>Behavior patterns<\/li>\n<li>Individual conflict management (Thomas-Kilmann model)<\/li>\n<li>Conflict management styles<\/li>\n<li>Conflict resolution methods<\/li>\n<li>Conflict-inducing member in the group<\/li>\n<li>Conflict management within the group<\/li>\n<\/ul>\n<p><strong>Effective team building:<\/strong><br \/>\nThe participant will learn the principles and opportunities of effective team building and will gain the skills necessary to build and maintain a high-performing team. During the training, participants are introduced to team-building tools, the functions and goals of an effective team, and how to foster efficient team communication\u2014an essential element for any business. The course also includes an introduction to the agile mindset, giving participants the opportunity to understand<br \/>\nmodern management approaches and implement initial steps within their own workplace.<\/p>\n<p><strong>IT skills development:<\/strong><br \/>\nIn addition to basic IT knowledge, the training covers information security, the use of shared documents and search engines, image editing, and the fundamentals of artificial intelligence. Participants will learn safe browsing practices and how to use social media securely, as well as how to effectively utilize search engines. They will gain the skills to create Google Sheets, manage shared documents, and apply knowledge related to file storage and sharing. Furthermore, participants will acquire the<br \/>\nability to perform online image editing, understand key players in online media, explore the role of artificial intelligence in everyday life, and learn how to use AI tools effectively.<\/p>\n<p>Planned Completion Date of the Training: <strong>2025.05.30.<\/strong><\/p>\n\n\t\t<\/div>\n\t<\/div>\n<\/div><\/div><\/div><\/div>\n<\/div>","protected":false},"excerpt":{"rendered":"GINOP Plusz-3.2.1-21 \u201eA munkav\u00e1llal\u00f3k \u00e9s v\u00e1llalatok alkalmazkod\u00f3k\u00e9pess\u00e9g\u00e9nek \u00e9s termel\u00e9kenys\u00e9g\u00e9nek jav\u00edt\u00e1sa a munkaer\u0151 fejleszt\u00e9s\u00e9n kereszt\u00fcl\u201d A kedvezme\u0301nyezett neve: Innomotion Kereskedelmi \u00e9s [...]","protected":false},"author":1,"featured_media":0,"parent":0,"menu_order":0,"comment_status":"closed","ping_status":"closed","template":"","meta":{"footnotes":""},"class_list":["post-9771","page","type-page","status-publish","hentry"],"yoast_head":"<!-- This site is optimized with the Yoast SEO plugin v27.3 - https:\/\/yoast.com\/product\/yoast-seo-wordpress\/ -->\n<title>P\u00e1ly\u00e1zat - Innomotion Kft.<\/title>\n<meta name=\"robots\" content=\"index, follow, max-snippet:-1, max-image-preview:large, max-video-preview:-1\" \/>\n<link rel=\"canonical\" href=\"https:\/\/www.innomotion.hu\/en\/palyazat\/\" \/>\n<meta property=\"og:locale\" content=\"en_US\" \/>\n<meta property=\"og:type\" content=\"article\" \/>\n<meta property=\"og:title\" content=\"P\u00e1ly\u00e1zat - Innomotion Kft.\" \/>\n<meta property=\"og:url\" content=\"https:\/\/www.innomotion.hu\/en\/palyazat\/\" \/>\n<meta property=\"og:site_name\" content=\"Innomotion Kft.\" \/>\n<meta property=\"article:modified_time\" content=\"2025-03-20T14:10:08+00:00\" \/>\n<meta name=\"twitter:card\" content=\"summary_large_image\" \/>\n<meta name=\"twitter:label1\" content=\"Est. reading time\" \/>\n\t<meta name=\"twitter:data1\" content=\"4 minutes\" \/>\n<script type=\"application\/ld+json\" class=\"yoast-schema-graph\">{\"@context\":\"https:\\\/\\\/schema.org\",\"@graph\":[{\"@type\":\"WebPage\",\"@id\":\"https:\\\/\\\/www.innomotion.hu\\\/palyazat\\\/\",\"url\":\"https:\\\/\\\/www.innomotion.hu\\\/palyazat\\\/\",\"name\":\"P\u00e1ly\u00e1zat - Innomotion Kft.\",\"isPartOf\":{\"@id\":\"https:\\\/\\\/www.innomotion.hu\\\/#website\"},\"datePublished\":\"2025-03-20T13:59:06+00:00\",\"dateModified\":\"2025-03-20T14:10:08+00:00\",\"breadcrumb\":{\"@id\":\"https:\\\/\\\/www.innomotion.hu\\\/palyazat\\\/#breadcrumb\"},\"inLanguage\":\"en-US\",\"potentialAction\":[{\"@type\":\"ReadAction\",\"target\":[\"https:\\\/\\\/www.innomotion.hu\\\/palyazat\\\/\"]}]},{\"@type\":\"BreadcrumbList\",\"@id\":\"https:\\\/\\\/www.innomotion.hu\\\/palyazat\\\/#breadcrumb\",\"itemListElement\":[{\"@type\":\"ListItem\",\"position\":1,\"name\":\"Kezd\u0151lap\",\"item\":\"https:\\\/\\\/www.innomotion.hu\\\/\"},{\"@type\":\"ListItem\",\"position\":2,\"name\":\"P\u00e1ly\u00e1zat\"}]},{\"@type\":\"WebSite\",\"@id\":\"https:\\\/\\\/www.innomotion.hu\\\/#website\",\"url\":\"https:\\\/\\\/www.innomotion.hu\\\/\",\"name\":\"Innomotion Kft.\",\"description\":\"Egyedi g\u00e9pek tervez\u00e9se \u00e9s gy\u00e1rt\u00e1sa!\",\"potentialAction\":[{\"@type\":\"SearchAction\",\"target\":{\"@type\":\"EntryPoint\",\"urlTemplate\":\"https:\\\/\\\/www.innomotion.hu\\\/?s={search_term_string}\"},\"query-input\":{\"@type\":\"PropertyValueSpecification\",\"valueRequired\":true,\"valueName\":\"search_term_string\"}}],\"inLanguage\":\"en-US\"}]}<\/script>\n<!-- \/ Yoast SEO plugin. -->","yoast_head_json":{"title":"P\u00e1ly\u00e1zat - Innomotion Kft.","robots":{"index":"index","follow":"follow","max-snippet":"max-snippet:-1","max-image-preview":"max-image-preview:large","max-video-preview":"max-video-preview:-1"},"canonical":"https:\/\/www.innomotion.hu\/en\/palyazat\/","og_locale":"en_US","og_type":"article","og_title":"P\u00e1ly\u00e1zat - Innomotion Kft.","og_url":"https:\/\/www.innomotion.hu\/en\/palyazat\/","og_site_name":"Innomotion Kft.","article_modified_time":"2025-03-20T14:10:08+00:00","twitter_card":"summary_large_image","twitter_misc":{"Est. reading time":"4 minutes"},"schema":{"@context":"https:\/\/schema.org","@graph":[{"@type":"WebPage","@id":"https:\/\/www.innomotion.hu\/palyazat\/","url":"https:\/\/www.innomotion.hu\/palyazat\/","name":"P\u00e1ly\u00e1zat - Innomotion Kft.","isPartOf":{"@id":"https:\/\/www.innomotion.hu\/#website"},"datePublished":"2025-03-20T13:59:06+00:00","dateModified":"2025-03-20T14:10:08+00:00","breadcrumb":{"@id":"https:\/\/www.innomotion.hu\/palyazat\/#breadcrumb"},"inLanguage":"en-US","potentialAction":[{"@type":"ReadAction","target":["https:\/\/www.innomotion.hu\/palyazat\/"]}]},{"@type":"BreadcrumbList","@id":"https:\/\/www.innomotion.hu\/palyazat\/#breadcrumb","itemListElement":[{"@type":"ListItem","position":1,"name":"Kezd\u0151lap","item":"https:\/\/www.innomotion.hu\/"},{"@type":"ListItem","position":2,"name":"P\u00e1ly\u00e1zat"}]},{"@type":"WebSite","@id":"https:\/\/www.innomotion.hu\/#website","url":"https:\/\/www.innomotion.hu\/","name":"Innomotion Kft.","description":"Egyedi g\u00e9pek tervez\u00e9se \u00e9s gy\u00e1rt\u00e1sa!","potentialAction":[{"@type":"SearchAction","target":{"@type":"EntryPoint","urlTemplate":"https:\/\/www.innomotion.hu\/?s={search_term_string}"},"query-input":{"@type":"PropertyValueSpecification","valueRequired":true,"valueName":"search_term_string"}}],"inLanguage":"en-US"}]}},"_links":{"self":[{"href":"https:\/\/www.innomotion.hu\/en\/wp-json\/wp\/v2\/pages\/9771","targetHints":{"allow":["GET"]}}],"collection":[{"href":"https:\/\/www.innomotion.hu\/en\/wp-json\/wp\/v2\/pages"}],"about":[{"href":"https:\/\/www.innomotion.hu\/en\/wp-json\/wp\/v2\/types\/page"}],"author":[{"embeddable":true,"href":"https:\/\/www.innomotion.hu\/en\/wp-json\/wp\/v2\/users\/1"}],"replies":[{"embeddable":true,"href":"https:\/\/www.innomotion.hu\/en\/wp-json\/wp\/v2\/comments?post=9771"}],"version-history":[{"count":3,"href":"https:\/\/www.innomotion.hu\/en\/wp-json\/wp\/v2\/pages\/9771\/revisions"}],"predecessor-version":[{"id":9775,"href":"https:\/\/www.innomotion.hu\/en\/wp-json\/wp\/v2\/pages\/9771\/revisions\/9775"}],"wp:attachment":[{"href":"https:\/\/www.innomotion.hu\/en\/wp-json\/wp\/v2\/media?parent=9771"}],"curies":[{"name":"wp","href":"https:\/\/api.w.org\/{rel}","templated":true}]}}