{"id":9811,"date":"2025-08-05T07:58:29","date_gmt":"2025-08-05T07:58:29","guid":{"rendered":"https:\/\/www.innomotion.hu\/?page_id=9811"},"modified":"2025-08-05T10:12:29","modified_gmt":"2025-08-05T10:12:29","slug":"karrier","status":"publish","type":"page","link":"https:\/\/www.innomotion.hu\/en\/karrier\/","title":{"rendered":"Career"},"content":{"rendered":"<div class=\"wpb-content-wrapper\"><div class=\"vc_row wpb_row vc_row-fluid vc_column-gap-3 vc_row-bg-position-top\"><div class=\"wpb_column vc_column_container vc_col-sm-12\"><div class=\"vc_column-inner\"><div class=\"wpb_wrapper\"><div class=\"vc-hoverbox-wrapper  vc-hoverbox-shape--rounded vc-hoverbox-align--center vc-hoverbox-direction--default vc-hoverbox-width--100\"  ontouchstart=\"\">\n  <div class=\"vc-hoverbox\">\n    <div class=\"vc-hoverbox-inner\">\n      <div class=\"vc-hoverbox-block vc-hoverbox-front\" style=\"background-image: url(https:\/\/www.innomotion.hu\/wp-content\/uploads\/2025\/08\/cnc-maros.jpg);\">\n        <div class=\"vc-hoverbox-block-inner vc-hoverbox-front-inner\">\n            <h2 style=\"text-align:center\">CNC machinist<\/h2>\n        <\/div>\n      <\/div>\n      <div class=\"vc-hoverbox-block vc-hoverbox-back\" style=\"background-color: #ebebeb;\">\n        <div class=\"vc-hoverbox-block-inner vc-hoverbox-back-inner\">\n            <h2 style=\"text-align:center\">Hover Box Element<\/h2>\n            <div id=\"box_fobb-feladatok-munkak\" class=\"box box_fobb-feladatok-munkak\">\n<h3>Tasks<\/h3>\n<div id=\"tasks\">\n<ul>\n<li>Production of custom and small-series parts,<\/li>\n<li>Measurement and inspection of parts,<\/li>\n<li>Opportunity for both manual and CAM programming<\/li>\n<\/ul>\n<p>&nbsp;<\/p>\n<\/div>\n<\/div>\n<div id=\"box_az-allashoz-tartozo-elvarasok\" class=\"box box_az-allashoz-tartozo-elvarasok\">\n<h3>Requirements<\/h3>\n<div id=\"requirements\">\n<ul>\n<li>Relevant professional qualification,<\/li>\n<li>Confident reading of technical drawings,<\/li>\n<li>Knowledge required for custom manufacturing (tool setting, establishing the zero point, measurement, reading technical drawings, and selecting the appropriate tools and technological parameters accordingly),<\/li>\n<li>Ability to work independently, precision, and resilience<\/li>\n<\/ul>\n<p>&nbsp;<\/p>\n<\/div>\n<\/div>\n<div id=\"box_az-allas-betoltesehez-elonyt-jelent\" class=\"box box_az-allas-betoltesehez-elonyt-jelent\">\n<h3>Preferred qualifications<\/h3>\n<div id=\"other\">\n<ul>\n<li>Several years of relevant professional experience,<\/li>\n<li>Knowledge of Siemens controllers,<\/li>\n<li>Knowledge of CAM software.<\/li>\n<\/ul>\n<p>&nbsp;<\/p>\n<\/div>\n<\/div>\n<div id=\"box_amit-kinalunk\" class=\"box box_amit-kinalunk\">\n<h3>What we offer<\/h3>\n<div id=\"offer\">\n<ul>\n<li>Competitive salary;<\/li>\n<li>Continuous development opportunities; training provided;<\/li>\n<li>Work in a positive workplace atmosphere within a youthful team;<\/li>\n<li>Immediate start available;<\/li>\n<li>Single-shift work schedule;<\/li>\n<li>The stability and security of our company.<\/li>\n<\/ul>\n<\/div>\n<\/div>\n\n            \n        <\/div>\n      <\/div>\n    <\/div>\n  <\/div>\n<\/div><\/div><\/div><\/div><\/div>\n<\/div>","protected":false},"excerpt":{"rendered":"CNC mar\u00f3s Hover Box Element Feladatok Egyedi \u00e9s kis sz\u00e9ri\u00e1s alkatr\u00e9szek gy\u00e1rt\u00e1sa, Alkatr\u00e9szek visszam\u00e9r\u00e9se, Lehet\u0151s\u00e9g k\u00e9zi \u00e9s CAM programoz\u00e1sra egyar\u00e1nt [...]","protected":false},"author":2,"featured_media":0,"parent":0,"menu_order":0,"comment_status":"closed","ping_status":"closed","template":"","meta":{"footnotes":""},"class_list":["post-9811","page","type-page","status-publish","hentry"],"yoast_head":"<!-- This site is optimized with the Yoast SEO plugin v27.5 - https:\/\/yoast.com\/product\/yoast-seo-wordpress\/ -->\n<title>Karrier - Innomotion Kft.<\/title>\n<meta name=\"robots\" content=\"index, follow, max-snippet:-1, max-image-preview:large, max-video-preview:-1\" \/>\n<link rel=\"canonical\" href=\"https:\/\/www.innomotion.hu\/en\/karrier\/\" \/>\n<meta property=\"og:locale\" content=\"en_US\" \/>\n<meta property=\"og:type\" content=\"article\" \/>\n<meta property=\"og:title\" content=\"Karrier - Innomotion Kft.\" \/>\n<meta property=\"og:url\" content=\"https:\/\/www.innomotion.hu\/en\/karrier\/\" \/>\n<meta property=\"og:site_name\" content=\"Innomotion Kft.\" \/>\n<meta property=\"article:modified_time\" content=\"2025-08-05T10:12:29+00:00\" \/>\n<meta name=\"twitter:card\" content=\"summary_large_image\" \/>\n<meta name=\"twitter:label1\" content=\"Est. reading time\" \/>\n\t<meta name=\"twitter:data1\" content=\"1 minute\" \/>\n<script type=\"application\/ld+json\" class=\"yoast-schema-graph\">{\"@context\":\"https:\\\/\\\/schema.org\",\"@graph\":[{\"@type\":\"WebPage\",\"@id\":\"https:\\\/\\\/www.innomotion.hu\\\/karrier\\\/\",\"url\":\"https:\\\/\\\/www.innomotion.hu\\\/karrier\\\/\",\"name\":\"Karrier - Innomotion Kft.\",\"isPartOf\":{\"@id\":\"https:\\\/\\\/www.innomotion.hu\\\/#website\"},\"datePublished\":\"2025-08-05T07:58:29+00:00\",\"dateModified\":\"2025-08-05T10:12:29+00:00\",\"breadcrumb\":{\"@id\":\"https:\\\/\\\/www.innomotion.hu\\\/karrier\\\/#breadcrumb\"},\"inLanguage\":\"en-US\",\"potentialAction\":[{\"@type\":\"ReadAction\",\"target\":[\"https:\\\/\\\/www.innomotion.hu\\\/karrier\\\/\"]}]},{\"@type\":\"BreadcrumbList\",\"@id\":\"https:\\\/\\\/www.innomotion.hu\\\/karrier\\\/#breadcrumb\",\"itemListElement\":[{\"@type\":\"ListItem\",\"position\":1,\"name\":\"Kezd\u0151lap\",\"item\":\"https:\\\/\\\/www.innomotion.hu\\\/\"},{\"@type\":\"ListItem\",\"position\":2,\"name\":\"Karrier\"}]},{\"@type\":\"WebSite\",\"@id\":\"https:\\\/\\\/www.innomotion.hu\\\/#website\",\"url\":\"https:\\\/\\\/www.innomotion.hu\\\/\",\"name\":\"Innomotion Kft.\",\"description\":\"Egyedi g\u00e9pek tervez\u00e9se \u00e9s gy\u00e1rt\u00e1sa!\",\"potentialAction\":[{\"@type\":\"SearchAction\",\"target\":{\"@type\":\"EntryPoint\",\"urlTemplate\":\"https:\\\/\\\/www.innomotion.hu\\\/?s={search_term_string}\"},\"query-input\":{\"@type\":\"PropertyValueSpecification\",\"valueRequired\":true,\"valueName\":\"search_term_string\"}}],\"inLanguage\":\"en-US\"}]}<\/script>\n<!-- \/ Yoast SEO plugin. -->","yoast_head_json":{"title":"Karrier - Innomotion Kft.","robots":{"index":"index","follow":"follow","max-snippet":"max-snippet:-1","max-image-preview":"max-image-preview:large","max-video-preview":"max-video-preview:-1"},"canonical":"https:\/\/www.innomotion.hu\/en\/karrier\/","og_locale":"en_US","og_type":"article","og_title":"Karrier - Innomotion Kft.","og_url":"https:\/\/www.innomotion.hu\/en\/karrier\/","og_site_name":"Innomotion Kft.","article_modified_time":"2025-08-05T10:12:29+00:00","twitter_card":"summary_large_image","twitter_misc":{"Est. reading time":"1 minute"},"schema":{"@context":"https:\/\/schema.org","@graph":[{"@type":"WebPage","@id":"https:\/\/www.innomotion.hu\/karrier\/","url":"https:\/\/www.innomotion.hu\/karrier\/","name":"Karrier - Innomotion Kft.","isPartOf":{"@id":"https:\/\/www.innomotion.hu\/#website"},"datePublished":"2025-08-05T07:58:29+00:00","dateModified":"2025-08-05T10:12:29+00:00","breadcrumb":{"@id":"https:\/\/www.innomotion.hu\/karrier\/#breadcrumb"},"inLanguage":"en-US","potentialAction":[{"@type":"ReadAction","target":["https:\/\/www.innomotion.hu\/karrier\/"]}]},{"@type":"BreadcrumbList","@id":"https:\/\/www.innomotion.hu\/karrier\/#breadcrumb","itemListElement":[{"@type":"ListItem","position":1,"name":"Kezd\u0151lap","item":"https:\/\/www.innomotion.hu\/"},{"@type":"ListItem","position":2,"name":"Karrier"}]},{"@type":"WebSite","@id":"https:\/\/www.innomotion.hu\/#website","url":"https:\/\/www.innomotion.hu\/","name":"Innomotion Kft.","description":"Egyedi g\u00e9pek tervez\u00e9se \u00e9s gy\u00e1rt\u00e1sa!","potentialAction":[{"@type":"SearchAction","target":{"@type":"EntryPoint","urlTemplate":"https:\/\/www.innomotion.hu\/?s={search_term_string}"},"query-input":{"@type":"PropertyValueSpecification","valueRequired":true,"valueName":"search_term_string"}}],"inLanguage":"en-US"}]}},"_links":{"self":[{"href":"https:\/\/www.innomotion.hu\/en\/wp-json\/wp\/v2\/pages\/9811","targetHints":{"allow":["GET"]}}],"collection":[{"href":"https:\/\/www.innomotion.hu\/en\/wp-json\/wp\/v2\/pages"}],"about":[{"href":"https:\/\/www.innomotion.hu\/en\/wp-json\/wp\/v2\/types\/page"}],"author":[{"embeddable":true,"href":"https:\/\/www.innomotion.hu\/en\/wp-json\/wp\/v2\/users\/2"}],"replies":[{"embeddable":true,"href":"https:\/\/www.innomotion.hu\/en\/wp-json\/wp\/v2\/comments?post=9811"}],"version-history":[{"count":25,"href":"https:\/\/www.innomotion.hu\/en\/wp-json\/wp\/v2\/pages\/9811\/revisions"}],"predecessor-version":[{"id":9847,"href":"https:\/\/www.innomotion.hu\/en\/wp-json\/wp\/v2\/pages\/9811\/revisions\/9847"}],"wp:attachment":[{"href":"https:\/\/www.innomotion.hu\/en\/wp-json\/wp\/v2\/media?parent=9811"}],"curies":[{"name":"wp","href":"https:\/\/api.w.org\/{rel}","templated":true}]}}