{"id":9876,"date":"2025-09-23T06:39:21","date_gmt":"2025-09-23T06:39:21","guid":{"rendered":"https:\/\/www.innomotion.hu\/?page_id=9876"},"modified":"2025-09-26T11:04:37","modified_gmt":"2025-09-26T11:04:37","slug":"cnc-maros","status":"publish","type":"page","link":"https:\/\/www.innomotion.hu\/en\/cnc-maros\/","title":{"rendered":"CNC machinist"},"content":{"rendered":"<div class=\"wpb-content-wrapper\"><div class=\"vc_row wpb_row vc_row-fluid vc_row-bg-position-top\"><div class=\"wpb_column vc_column_container vc_col-sm-12\"><div class=\"vc_column-inner\"><div class=\"wpb_wrapper\"><\/div><\/div><\/div><\/div><div data-vc-full-width=\"true\" data-vc-full-width-init=\"false\" class=\"vc_row wpb_row vc_row-fluid vc_custom_1712743201646 vc_row-has-padding-top vc_row-bg-position-top\"><div class=\"wpb_column vc_column_container vc_col-sm-12\"><div class=\"vc_column-inner\"><div class=\"wpb_wrapper\"><header class=\"kd-section-title col-lg-12 text-center  subtitle-below-title    vc_custom_1758612442937\" ><h2 class=\"separator_off\" >CNC machinist<\/h2><\/header><\/div><\/div><\/div><\/div><div class=\"vc_row-full-width vc_clearfix\"><\/div><div data-vc-full-width=\"true\" data-vc-full-width-init=\"false\" data-vc-stretch-content=\"true\" class=\"vc_row wpb_row vc_row-fluid vc_custom_1712743176852 vc_row-bg-position-top vc_row-o-content-middle vc_row-flex\"><div class=\"wpb_column vc_column_container vc_col-sm-12\"><div class=\"vc_column-inner vc_custom_1599051130307\"><div class=\"wpb_wrapper\"><div class=\"vc_row wpb_row vc_inner vc_row-fluid vc_custom_1758610027563 vc_row-has-fill vc_row-has-padding-top vc_row-main-color-overlay vc_row-bg-position-top vc_row-o-content-middle vc_row-flex vc_inner_row-contained\"><div class=\"container\"><div class=\"wpb_column vc_column_container vc_col-sm-12 vc_col-lg-offset-0 vc_col-lg-6 vc_col-md-offset-0 vc_col-md-6 vc_col-sm-offset-0\"><div class=\"vc_column-inner vc_custom_1758610557127 vc_custom_1758610557128 vc_custom_1758610557128 vc_custom_1758610557128\"><div class=\"wpb_wrapper\"><header class=\"kd-section-title col-lg-12 text-left  subtitle-below-title\" ><h2 class=\"separator_off\" style=\"margin-bottom:30px;\">Tasks<\/h2><\/header><ul class=\"kd-icon-list\" ><li class=\"kd-icon-list-item\"><div class=\"kd-icon-wrapper icon-simple\" ><i class=\"fa fa-solid fa-arrow-right\" ><\/i><\/div><span class=\"kd-list-text\" style=\"color: #000000;\">Production of custom and small-series parts,<\/span><\/li><li class=\"kd-icon-list-item\"><div class=\"kd-icon-wrapper icon-simple\" ><i class=\"fa fa-solid fa-arrow-right\" ><\/i><\/div><span class=\"kd-list-text\" style=\"color: #000000;\">Measurement and inspection of parts,<\/span><\/li><li class=\"kd-icon-list-item\"><div class=\"kd-icon-wrapper icon-simple\" ><i class=\"fa fa-solid fa-arrow-right\" ><\/i><\/div><span class=\"kd-list-text\" style=\"color: #000000;\">Opportunity for both manual and CAM programming<\/span><\/li><\/ul><header class=\"kd-section-title col-lg-12 text-left  subtitle-below-title    vc_custom_1758612450174\" ><h2 class=\"separator_off\" style=\"margin-bottom:30px;\">Requirements<\/h2><\/header><ul class=\"kd-icon-list\" ><li class=\"kd-icon-list-item\"><div class=\"kd-icon-wrapper icon-simple\" ><i class=\"fa fa-solid fa-arrow-right\" ><\/i><\/div><span class=\"kd-list-text\" style=\"color: #000000;\">Relevant professional qualification,<\/span><\/li><li class=\"kd-icon-list-item\"><div class=\"kd-icon-wrapper icon-simple\" ><i class=\"fa fa-solid fa-arrow-right\" ><\/i><\/div><span class=\"kd-list-text\" style=\"color: #000000;\">Confident reading of technical drawings,<\/span><\/li><li class=\"kd-icon-list-item\"><div class=\"kd-icon-wrapper icon-simple\" ><i class=\"fa fa-solid fa-arrow-right\" ><\/i><\/div><span class=\"kd-list-text\" style=\"color: #000000;\">Knowledge required for custom manufacturing (tool setting, establishing the zero point, measurement, reading technical drawings, and selecting the appropriate tools and technological parameters accordingly),<\/span><\/li><li class=\"kd-icon-list-item\"><div class=\"kd-icon-wrapper icon-simple\" ><i class=\"fa fa-solid fa-arrow-right\" ><\/i><\/div><span class=\"kd-list-text\" style=\"color: #000000;\">Ability to work independently, precision, and resilience<\/span><\/li><\/ul><header class=\"kd-section-title col-lg-12 text-left  subtitle-below-title    vc_custom_1758612455304\" ><h2 class=\"separator_off\" style=\"margin-bottom:30px;\">Preferred qualifications<\/h2><\/header><ul class=\"kd-icon-list\" ><li class=\"kd-icon-list-item\"><div class=\"kd-icon-wrapper icon-simple\" ><i class=\"fa fa-solid fa-arrow-right\" ><\/i><\/div><span class=\"kd-list-text\" style=\"color: #000000;\">Several years of relevant professional experience,<\/span><\/li><li class=\"kd-icon-list-item\"><div class=\"kd-icon-wrapper icon-simple\" ><i class=\"fa fa-solid fa-arrow-right\" ><\/i><\/div><span class=\"kd-list-text\" style=\"color: #000000;\">Knowledge of Siemens controllers,<\/span><\/li><li class=\"kd-icon-list-item\"><div class=\"kd-icon-wrapper icon-simple\" ><i class=\"fa fa-solid fa-arrow-right\" ><\/i><\/div><span class=\"kd-list-text\" style=\"color: #000000;\">Knowledge of CAM software.<\/span><\/li><\/ul><\/div><\/div><\/div><div class=\"wpb_column vc_column_container vc_col-sm-12 vc_col-lg-6 vc_col-md-6\"><div class=\"vc_column-inner vc_custom_1600783886221 vc_custom_1600783886222 vc_custom_1600783886222 vc_custom_1600783886223\"><div class=\"wpb_wrapper\"><header class=\"kd-section-title col-lg-12 text-left  subtitle-below-title\" ><h2 class=\"separator_off\" style=\"margin-bottom:30px;\">What we offer<\/h2><\/header><ul class=\"kd-icon-list\" ><li class=\"kd-icon-list-item\"><div class=\"kd-icon-wrapper icon-simple\" ><i class=\"fa fa-solid fa-arrow-right\" ><\/i><\/div><span class=\"kd-list-text\" style=\"color: #000000;\">Competitive salary;<\/span><\/li><li class=\"kd-icon-list-item\"><div class=\"kd-icon-wrapper icon-simple\" ><i class=\"fa fa-solid fa-arrow-right\" ><\/i><\/div><span class=\"kd-list-text\" style=\"color: #000000;\">Continuous development opportunities; training provided;<\/span><\/li><li class=\"kd-icon-list-item\"><div class=\"kd-icon-wrapper icon-simple\" ><i class=\"fa fa-solid fa-arrow-right\" ><\/i><\/div><span class=\"kd-list-text\" style=\"color: #000000;\">Work in a positive workplace atmosphere within a youthful team;<\/span><\/li><li class=\"kd-icon-list-item\"><div class=\"kd-icon-wrapper icon-simple\" ><i class=\"fa fa-solid fa-arrow-right\" ><\/i><\/div><span class=\"kd-list-text\" style=\"color: #000000;\">Immediate start available;<\/span><\/li><li class=\"kd-icon-list-item\"><div class=\"kd-icon-wrapper icon-simple\" ><i class=\"fa fa-solid fa-arrow-right\" ><\/i><\/div><span class=\"kd-list-text\" style=\"color: #000000;\">Single-shift work schedule;<\/span><\/li><li class=\"kd-icon-list-item\"><div class=\"kd-icon-wrapper icon-simple\" ><i class=\"fa fa-solid fa-arrow-right\" ><\/i><\/div><span class=\"kd-list-text\" style=\"color: #000000;\">The stability and security of our company.<\/span><\/li><\/ul><header class=\"kd-section-title col-lg-12 text-left  subtitle-below-title    vc_custom_1758612462977\" ><h2 class=\"separator_off\" style=\"margin-bottom:30px;\">Application<\/h2><h6 class=\"subtitle\" style=\"color: #000000;\">Get in touch with us through one of the contact options below, or send a message using the form, and our colleague will get back to you within 24 hours!<\/h6><\/header><div class=\"vc_btn3-container vc_btn3-inline vc_custom_1758611141180 vc_do_btn\" ><a class=\"vc_general vc_btn3 vc_btn3-size-md vc_btn3-shape-round vc_btn3-style-classic vc_btn3-icon-left vc_btn3-color-grey\" href=\"tel:+36305846333\" title=\"+36 30 584 6333\"><i class=\"vc_btn3-icon fa fa-solid fa-mobile-screen\"><\/i> +36 30 584 6333<\/a><\/div><div class=\"vc_btn3-container vc_btn3-inline vc_do_btn\" ><a class=\"vc_general vc_btn3 vc_btn3-size-md vc_btn3-shape-round vc_btn3-style-classic vc_btn3-icon-left vc_btn3-color-black\" href=\"mailto:info@innomotion.hu\" title=\"info@innomotion.hu\"><i class=\"vc_btn3-icon fa fa-solid fa-envelope\"><\/i> info@innomotion.hu<\/a><\/div><div class=\"kd-contact-form full-width-cf     vc_custom_1758611165023\" >\n<div class=\"wpcf7 no-js\" id=\"wpcf7-f8712-o1\" lang=\"en-US\" dir=\"ltr\" data-wpcf7-id=\"8712\">\n<div class=\"screen-reader-response\"><p role=\"status\" aria-live=\"polite\" aria-atomic=\"true\"><\/p> <ul><\/ul><\/div>\n<form action=\"\/en\/wp-json\/wp\/v2\/pages\/9876#wpcf7-f8712-o1\" method=\"post\" class=\"wpcf7-form init\" aria-label=\"Contact form\" novalidate=\"novalidate\" data-status=\"init\" data-trp-original-action=\"\/en\/wp-json\/wp\/v2\/pages\/9876#wpcf7-f8712-o1\">\n<fieldset class=\"hidden-fields-container\"><input type=\"hidden\" name=\"_wpcf7\" value=\"8712\" \/><input type=\"hidden\" name=\"_wpcf7_version\" value=\"6.1.5\" \/><input type=\"hidden\" name=\"_wpcf7_locale\" value=\"en_US\" \/><input type=\"hidden\" name=\"_wpcf7_unit_tag\" value=\"wpcf7-f8712-o1\" \/><input type=\"hidden\" name=\"_wpcf7_container_post\" value=\"0\" \/><input type=\"hidden\" name=\"_wpcf7_posted_data_hash\" value=\"\" \/>\n<\/fieldset>\n<p><span class=\"wpcf7-form-control-wrap\" data-name=\"your-name\"><input size=\"40\" maxlength=\"400\" class=\"wpcf7-form-control wpcf7-text wpcf7-validates-as-required\" aria-required=\"true\" aria-invalid=\"false\" placeholder=\"Please enter your name!\" value=\"\" type=\"text\" name=\"your-name\" \/><\/span><br \/>\n<span class=\"wpcf7-form-control-wrap\" data-name=\"your-email\"><input size=\"40\" maxlength=\"400\" class=\"wpcf7-form-control wpcf7-email wpcf7-validates-as-required wpcf7-text wpcf7-validates-as-email\" aria-required=\"true\" aria-invalid=\"false\" placeholder=\"Please provide your email address!\" value=\"\" type=\"email\" name=\"your-email\" \/><\/span><br \/>\n<span class=\"wpcf7-form-control-wrap\" data-name=\"your-phone\"><input size=\"40\" maxlength=\"400\" class=\"wpcf7-form-control wpcf7-tel wpcf7-validates-as-required wpcf7-text wpcf7-validates-as-tel\" aria-required=\"true\" aria-invalid=\"false\" placeholder=\"Please provide your phone number!\" value=\"\" type=\"tel\" name=\"your-phone\" \/><\/span><br \/>\n<span class=\"wpcf7-form-control-wrap\" data-name=\"your-message\"><textarea cols=\"40\" rows=\"10\" maxlength=\"2000\" class=\"wpcf7-form-control wpcf7-textarea\" aria-invalid=\"false\" placeholder=\"Message\" name=\"your-message\"><\/textarea><\/span><br \/>\n<span class=\"wpcf7-form-control-wrap\" data-name=\"acceptance-915\"><span class=\"wpcf7-form-control wpcf7-acceptance\"><span class=\"wpcf7-list-item\"><label><input type=\"checkbox\" name=\"acceptance-915\" value=\"1\" aria-invalid=\"false\" \/><span class=\"wpcf7-list-item-label\">I have read and accept the <a href=\"https:\/\/www.innomotion.hu\/en\/adatvedelmi-tajekoztato\/\">Privacy Policy<\/a> !<\/span><\/label><\/span><\/span><\/span><br \/>\n<input class=\"wpcf7-form-control wpcf7-submit has-spinner\" type=\"submit\" value=\"Send\" \/>\n<\/p><div class=\"wpcf7-response-output\" aria-hidden=\"true\"><\/div>\n<input type=\"hidden\" name=\"trp-form-language\" value=\"en\"\/><\/form>\n<\/div>\n<\/div><\/div><\/div><\/div><\/div><\/div><\/div><\/div><\/div><\/div><div class=\"vc_row-full-width vc_clearfix\"><\/div><div class=\"vc_row wpb_row vc_row-fluid vc_row-bg-position-top\"><div class=\"wpb_column vc_column_container vc_col-sm-12\"><div class=\"vc_column-inner\"><div class=\"wpb_wrapper\"><header class=\"kd-section-title col-lg-12 text-center  subtitle-below-title    vc_custom_1758612469801\" ><h2 class=\"separator_off\" >Company Information<\/h2><h6 class=\"subtitle\" >Our company\u2019s main focus is industrial automation and the design and implementation of custom machinery, as well as the design and production of unique components. Our facility is located in Gy\u0151r, where we have dedicated design, assembly, and metalworking sections. The company has a stable background and ambitious future plans. We consider our team unique, as youthful energy is combined with high-level expertise, and we work collaboratively, supporting each other to ensure the successful completion of projects. Our machining area is designed to meet the needs of both our own operations and our partners, equipped with 6 three-axis CNC machining centers.<\/h6><\/header><\/div><\/div><\/div><\/div>\n<\/div>","protected":false},"excerpt":{"rendered":"CNC mar\u00f3sFeladatokEgyedi \u00e9s kis sz\u00e9ri\u00e1s alkatr\u00e9szek gy\u00e1rt\u00e1sa,Alkatr\u00e9szek visszam\u00e9r\u00e9se,Lehet\u0151s\u00e9g k\u00e9zi \u00e9s CAM programoz\u00e1sra egyar\u00e1ntElv\u00e1r\u00e1sokSzakir\u00e1ny\u00fa v\u00e9gzetts\u00e9g,M\u0171szaki rajz magabiztos olvas\u00e1sa,Egyedi gy\u00e1rt\u00e1shoz sz\u00fcks\u00e9ges ismeretek [...]","protected":false},"author":1,"featured_media":0,"parent":0,"menu_order":0,"comment_status":"closed","ping_status":"closed","template":"","meta":{"footnotes":""},"class_list":["post-9876","page","type-page","status-publish","hentry"],"yoast_head":"<!-- This site is optimized with the Yoast SEO plugin v27.3 - https:\/\/yoast.com\/product\/yoast-seo-wordpress\/ -->\n<title>CNC mar\u00f3s - Innomotion Kft.<\/title>\n<meta name=\"description\" content=\"C\u00e9g\u00fcnk stabil h\u00e1tt\u00e9rrel \u00e9s komoly j\u00f6v\u0151beli tervekkel rendelkezik. Telephely\u00fcnk Gy\u0151rben tal\u00e1lhat\u00f3, ahol k\u00fcl\u00f6n tervez\u0151-, szerel\u0151- \u00e9s f\u00e9mmegmunk\u00e1l\u00f3 r\u00e9sszel rendelkez\u00fcnk.\" \/>\n<meta name=\"robots\" content=\"index, follow, max-snippet:-1, max-image-preview:large, max-video-preview:-1\" \/>\n<link rel=\"canonical\" href=\"https:\/\/www.innomotion.hu\/en\/cnc-maros\/\" \/>\n<meta property=\"og:locale\" content=\"en_US\" \/>\n<meta property=\"og:type\" content=\"article\" \/>\n<meta property=\"og:title\" content=\"CNC mar\u00f3s - Innomotion Kft.\" \/>\n<meta property=\"og:description\" content=\"C\u00e9g\u00fcnk stabil h\u00e1tt\u00e9rrel \u00e9s komoly j\u00f6v\u0151beli tervekkel rendelkezik. Telephely\u00fcnk Gy\u0151rben tal\u00e1lhat\u00f3, ahol k\u00fcl\u00f6n tervez\u0151-, szerel\u0151- \u00e9s f\u00e9mmegmunk\u00e1l\u00f3 r\u00e9sszel rendelkez\u00fcnk.\" \/>\n<meta property=\"og:url\" content=\"https:\/\/www.innomotion.hu\/en\/cnc-maros\/\" \/>\n<meta property=\"og:site_name\" content=\"Innomotion Kft.\" \/>\n<meta property=\"article:modified_time\" content=\"2025-09-26T11:04:37+00:00\" \/>\n<meta name=\"twitter:card\" content=\"summary_large_image\" \/>\n<meta name=\"twitter:label1\" content=\"Est. reading time\" \/>\n\t<meta name=\"twitter:data1\" content=\"3 minutes\" \/>\n<script type=\"application\/ld+json\" class=\"yoast-schema-graph\">{\"@context\":\"https:\\\/\\\/schema.org\",\"@graph\":[{\"@type\":\"WebPage\",\"@id\":\"https:\\\/\\\/www.innomotion.hu\\\/cnc-maros\\\/\",\"url\":\"https:\\\/\\\/www.innomotion.hu\\\/cnc-maros\\\/\",\"name\":\"CNC mar\u00f3s - Innomotion Kft.\",\"isPartOf\":{\"@id\":\"https:\\\/\\\/www.innomotion.hu\\\/#website\"},\"datePublished\":\"2025-09-23T06:39:21+00:00\",\"dateModified\":\"2025-09-26T11:04:37+00:00\",\"description\":\"C\u00e9g\u00fcnk stabil h\u00e1tt\u00e9rrel \u00e9s komoly j\u00f6v\u0151beli tervekkel rendelkezik. Telephely\u00fcnk Gy\u0151rben tal\u00e1lhat\u00f3, ahol k\u00fcl\u00f6n tervez\u0151-, szerel\u0151- \u00e9s f\u00e9mmegmunk\u00e1l\u00f3 r\u00e9sszel rendelkez\u00fcnk.\",\"breadcrumb\":{\"@id\":\"https:\\\/\\\/www.innomotion.hu\\\/cnc-maros\\\/#breadcrumb\"},\"inLanguage\":\"en-US\",\"potentialAction\":[{\"@type\":\"ReadAction\",\"target\":[\"https:\\\/\\\/www.innomotion.hu\\\/cnc-maros\\\/\"]}]},{\"@type\":\"BreadcrumbList\",\"@id\":\"https:\\\/\\\/www.innomotion.hu\\\/cnc-maros\\\/#breadcrumb\",\"itemListElement\":[{\"@type\":\"ListItem\",\"position\":1,\"name\":\"Kezd\u0151lap\",\"item\":\"https:\\\/\\\/www.innomotion.hu\\\/\"},{\"@type\":\"ListItem\",\"position\":2,\"name\":\"CNC mar\u00f3s\"}]},{\"@type\":\"WebSite\",\"@id\":\"https:\\\/\\\/www.innomotion.hu\\\/#website\",\"url\":\"https:\\\/\\\/www.innomotion.hu\\\/\",\"name\":\"Innomotion Kft.\",\"description\":\"Egyedi g\u00e9pek tervez\u00e9se \u00e9s gy\u00e1rt\u00e1sa!\",\"potentialAction\":[{\"@type\":\"SearchAction\",\"target\":{\"@type\":\"EntryPoint\",\"urlTemplate\":\"https:\\\/\\\/www.innomotion.hu\\\/?s={search_term_string}\"},\"query-input\":{\"@type\":\"PropertyValueSpecification\",\"valueRequired\":true,\"valueName\":\"search_term_string\"}}],\"inLanguage\":\"en-US\"}]}<\/script>\n<!-- \/ Yoast SEO plugin. -->","yoast_head_json":{"title":"CNC mar\u00f3s - Innomotion Kft.","description":"C\u00e9g\u00fcnk stabil h\u00e1tt\u00e9rrel \u00e9s komoly j\u00f6v\u0151beli tervekkel rendelkezik. Telephely\u00fcnk Gy\u0151rben tal\u00e1lhat\u00f3, ahol k\u00fcl\u00f6n tervez\u0151-, szerel\u0151- \u00e9s f\u00e9mmegmunk\u00e1l\u00f3 r\u00e9sszel rendelkez\u00fcnk.","robots":{"index":"index","follow":"follow","max-snippet":"max-snippet:-1","max-image-preview":"max-image-preview:large","max-video-preview":"max-video-preview:-1"},"canonical":"https:\/\/www.innomotion.hu\/en\/cnc-maros\/","og_locale":"en_US","og_type":"article","og_title":"CNC mar\u00f3s - Innomotion Kft.","og_description":"C\u00e9g\u00fcnk stabil h\u00e1tt\u00e9rrel \u00e9s komoly j\u00f6v\u0151beli tervekkel rendelkezik. Telephely\u00fcnk Gy\u0151rben tal\u00e1lhat\u00f3, ahol k\u00fcl\u00f6n tervez\u0151-, szerel\u0151- \u00e9s f\u00e9mmegmunk\u00e1l\u00f3 r\u00e9sszel rendelkez\u00fcnk.","og_url":"https:\/\/www.innomotion.hu\/en\/cnc-maros\/","og_site_name":"Innomotion Kft.","article_modified_time":"2025-09-26T11:04:37+00:00","twitter_card":"summary_large_image","twitter_misc":{"Est. reading time":"3 minutes"},"schema":{"@context":"https:\/\/schema.org","@graph":[{"@type":"WebPage","@id":"https:\/\/www.innomotion.hu\/cnc-maros\/","url":"https:\/\/www.innomotion.hu\/cnc-maros\/","name":"CNC mar\u00f3s - Innomotion Kft.","isPartOf":{"@id":"https:\/\/www.innomotion.hu\/#website"},"datePublished":"2025-09-23T06:39:21+00:00","dateModified":"2025-09-26T11:04:37+00:00","description":"C\u00e9g\u00fcnk stabil h\u00e1tt\u00e9rrel \u00e9s komoly j\u00f6v\u0151beli tervekkel rendelkezik. Telephely\u00fcnk Gy\u0151rben tal\u00e1lhat\u00f3, ahol k\u00fcl\u00f6n tervez\u0151-, szerel\u0151- \u00e9s f\u00e9mmegmunk\u00e1l\u00f3 r\u00e9sszel rendelkez\u00fcnk.","breadcrumb":{"@id":"https:\/\/www.innomotion.hu\/cnc-maros\/#breadcrumb"},"inLanguage":"en-US","potentialAction":[{"@type":"ReadAction","target":["https:\/\/www.innomotion.hu\/cnc-maros\/"]}]},{"@type":"BreadcrumbList","@id":"https:\/\/www.innomotion.hu\/cnc-maros\/#breadcrumb","itemListElement":[{"@type":"ListItem","position":1,"name":"Kezd\u0151lap","item":"https:\/\/www.innomotion.hu\/"},{"@type":"ListItem","position":2,"name":"CNC mar\u00f3s"}]},{"@type":"WebSite","@id":"https:\/\/www.innomotion.hu\/#website","url":"https:\/\/www.innomotion.hu\/","name":"Innomotion Kft.","description":"Egyedi g\u00e9pek tervez\u00e9se \u00e9s gy\u00e1rt\u00e1sa!","potentialAction":[{"@type":"SearchAction","target":{"@type":"EntryPoint","urlTemplate":"https:\/\/www.innomotion.hu\/?s={search_term_string}"},"query-input":{"@type":"PropertyValueSpecification","valueRequired":true,"valueName":"search_term_string"}}],"inLanguage":"en-US"}]}},"_links":{"self":[{"href":"https:\/\/www.innomotion.hu\/en\/wp-json\/wp\/v2\/pages\/9876","targetHints":{"allow":["GET"]}}],"collection":[{"href":"https:\/\/www.innomotion.hu\/en\/wp-json\/wp\/v2\/pages"}],"about":[{"href":"https:\/\/www.innomotion.hu\/en\/wp-json\/wp\/v2\/types\/page"}],"author":[{"embeddable":true,"href":"https:\/\/www.innomotion.hu\/en\/wp-json\/wp\/v2\/users\/1"}],"replies":[{"embeddable":true,"href":"https:\/\/www.innomotion.hu\/en\/wp-json\/wp\/v2\/comments?post=9876"}],"version-history":[{"count":10,"href":"https:\/\/www.innomotion.hu\/en\/wp-json\/wp\/v2\/pages\/9876\/revisions"}],"predecessor-version":[{"id":9915,"href":"https:\/\/www.innomotion.hu\/en\/wp-json\/wp\/v2\/pages\/9876\/revisions\/9915"}],"wp:attachment":[{"href":"https:\/\/www.innomotion.hu\/en\/wp-json\/wp\/v2\/media?parent=9876"}],"curies":[{"name":"wp","href":"https:\/\/api.w.org\/{rel}","templated":true}]}}