{"id":9943,"date":"2025-11-04T09:17:30","date_gmt":"2025-11-04T09:17:30","guid":{"rendered":"https:\/\/www.innomotion.hu\/?page_id=9943"},"modified":"2026-01-21T14:07:10","modified_gmt":"2026-01-21T14:07:10","slug":"szallitopalyak","status":"publish","type":"page","link":"https:\/\/www.innomotion.hu\/en\/szallitopalyak\/","title":{"rendered":"Sz\u00e1ll\u00edt\u00f3p\u00e1ly\u00e1k"},"content":{"rendered":"<div class=\"wpb-content-wrapper\"><div class=\"vc_row wpb_row vc_row-fluid vc_row-bg-position-top\"><div class=\"wpb_column vc_column_container vc_col-sm-12\"><div class=\"vc_column-inner\"><div class=\"wpb_wrapper\"><\/div><\/div><\/div><\/div><div data-vc-full-width=\"true\" data-vc-full-width-init=\"false\" class=\"vc_row wpb_row vc_row-fluid vc_custom_1712743201646 vc_row-has-padding-top vc_row-bg-position-top\"><div class=\"wpb_column vc_column_container vc_col-sm-12\"><div class=\"vc_column-inner\"><div class=\"wpb_wrapper\"><header class=\"kd-section-title col-lg-12 text-center  subtitle-below-title kd-animated fadeIn   vc_custom_1762254906757\" data-animation-delay=\"200\"><h2 class=\"separator_off\" >Sz\u00e1ll\u00edt\u00f3p\u00e1ly\u00e1k \u00e9s sz\u00e1ll\u00edt\u00f3szalag rendszerek<\/h2><h6 class=\"subtitle\" style=\"font-size:18px;\">Az Innomotion Kft. ipari sz\u00e1ll\u00edt\u00f3p\u00e1ly\u00e1k \u00e9s sz\u00e1ll\u00edt\u00f3szalag rendszerek fejleszt\u00e9s\u00e9vel, gy\u00e1rt\u00e1s\u00e1val \u00e9s integr\u00e1l\u00e1s\u00e1val seg\u00edti partnereit a hat\u00e9kony, biztons\u00e1gos \u00e9s automatiz\u00e1lt anyagmozgat\u00e1s megval\u00f3s\u00edt\u00e1s\u00e1ban. C\u00e9lunk, hogy minden gy\u00e1rt\u00e1si \u00e9s logisztikai folyamatban pontosan illeszked\u0151, megb\u00edzhat\u00f3 \u00e9s karbantarthat\u00f3 megold\u00e1st k\u00edn\u00e1ljunk \u2013 legyen sz\u00f3 palett\u00e1s sz\u00e1ll\u00edt\u00f3rendszerr\u0151l, hevederes vagy l\u00e1ncos konvejorr\u00f3l.<\/h6><\/header><\/div><\/div><\/div><\/div><div class=\"vc_row-full-width vc_clearfix\"><\/div><div data-vc-full-width=\"true\" data-vc-full-width-init=\"false\" data-vc-stretch-content=\"true\" class=\"vc_row wpb_row vc_row-fluid vc_custom_1712743176852 vc_row-bg-position-top vc_row-o-content-middle vc_row-flex\"><div class=\"wpb_column vc_column_container vc_col-sm-12\"><div class=\"vc_column-inner vc_custom_1599051130307\"><div class=\"wpb_wrapper\"><div class=\"vc_row wpb_row vc_inner vc_row-fluid vc_custom_1600783854194 vc_custom_1600783854195 vc_row-has-fill vc_row-has-padding-top vc_row-has-padding-bottom vc_row-main-color-overlay vc_row-bg-position-top vc_row-o-content-middle vc_row-flex vc_inner_row-contained\"><div class=\"container\"><div class=\"wpb_column vc_column_container vc_col-sm-12 vc_col-lg-offset-0 vc_col-lg-6 vc_col-md-offset-0 vc_col-md-6 vc_col-sm-offset-0\"><div class=\"vc_column-inner vc_custom_1600783709441 vc_custom_1600783709441 vc_custom_1600783709442 vc_custom_1600783709442\"><div class=\"wpb_wrapper\"><header class=\"kd-section-title col-lg-12 text-left  subtitle-below-title kd-animated fadeIn\" data-animation-delay=\"200\"><h2 class=\"separator_off\" style=\"margin-bottom:30px;\">Sz\u00e1ll\u00edt\u00f3p\u00e1lya-megold\u00e1sok, amelyek a hat\u00e9konys\u00e1got szolg\u00e1lj\u00e1k<\/h2><h6 class=\"subtitle\" style=\"color: #000000;\">A sz\u00e1ll\u00edt\u00f3p\u00e1ly\u00e1k m\u00e9rete, hajt\u00e1sa \u00e9s vez\u00e9rl\u00e9se a mindenkori ig\u00e9nyekhez igaz\u00edthat\u00f3, valamint a heveder anyag\u00e1nak kiv\u00e1laszt\u00e1s\u00e1n\u00e1l \u00fcgyel\u00fcnk a megrendel\u0151nk ig\u00e9nyeire. Alkalmazunk dobmotoros \u00e9s k\u00fcls\u0151 motoros meghajt\u00e1sokat. Frekvenciav\u00e1lt\u00f3s szab\u00e1lyz\u00e1st, valamint PLC vez\u00e9rl\u00e9st, \u00edgy biztos\u00edtva a megfelel\u0151 m\u0171k\u00f6d\u00e9st.<\/h6><\/header><header class=\"kd-section-title col-lg-12 text-left  subtitle-below-title kd-animated fadeIn   vc_custom_1762254877811\" data-animation-delay=\"200\"><h6 class=\"subtitle\" style=\"color: #000000;\">Az automatiz\u00e1lt sz\u00e1ll\u00edt\u00f3p\u00e1ly\u00e1k \u00e9s sz\u00e1ll\u00edt\u00f3szalag rendszerek nemcsak az anyagmozgat\u00e1s hat\u00e9konys\u00e1g\u00e1t n\u00f6velik, hanem hozz\u00e1j\u00e1rulnak a munkabiztons\u00e1g \u00e9s a termel\u00e9kenys\u00e9g jav\u00edt\u00e1s\u00e1hoz is. Az Innomotion Kft. megold\u00e1saival partnereink olyan rugalmas, j\u00f6v\u0151\u00e1ll\u00f3 infrastrukt\u00far\u00e1t kapnak, amely hossz\u00fa t\u00e1von is kisz\u00e1m\u00edthat\u00f3 m\u0171k\u00f6d\u00e9st \u00e9s alacsony karbantart\u00e1si k\u00f6lts\u00e9get biztos\u00edt.<\/h6><\/header><div class=\"kd-shapes shape_dots with-parallax kd-animated zoomIn\" style=\"bottom: -50%;left: -36%;width: 172px;height: 340px;background-color: #afc7fe;\" data-parallax-speed=\"-0.05\" data-animation-delay=\"400\"><\/div><\/div><\/div><\/div><div class=\"wpb_column vc_column_container vc_col-sm-12 vc_col-lg-6 vc_col-md-6\"><div class=\"vc_column-inner vc_custom_1600783886221 vc_custom_1600783886222 vc_custom_1600783886222 vc_custom_1600783886223\"><div class=\"wpb_wrapper\"><div class=\"kd-shapes shape_dots with-parallax kd-animated zoomIn\" style=\"top: 50%;right: -50px;width: 172px;height: 157px;background-color: #afc7fe;\" data-parallax-speed=\"-0.1\" data-animation-delay=\"400\"><\/div>\n\t<div  class=\"wpb_single_image wpb_content_element vc_align_right wpb_content_element wpb_animate_when_almost_visible wpb_fadeIn fadeIn\">\n\t\t\n\t\t<figure class=\"wpb_wrapper vc_figure\">\n\t\t\t<div class=\"vc_single_image-wrapper   vc_box_border_grey\"><img loading=\"lazy\" decoding=\"async\" width=\"605\" height=\"680\" src=\"https:\/\/www.innomotion.hu\/wp-content\/uploads\/2025\/11\/szallitopalya.png\" class=\"vc_single_image-img attachment-full\" alt=\"\" title=\"szallitopalya\" srcset=\"https:\/\/www.innomotion.hu\/wp-content\/uploads\/2025\/11\/szallitopalya.png 605w, https:\/\/www.innomotion.hu\/wp-content\/uploads\/2025\/11\/szallitopalya-267x300.png 267w, https:\/\/www.innomotion.hu\/wp-content\/uploads\/2025\/11\/szallitopalya-11x12.png 11w\" sizes=\"auto, (max-width: 605px) 100vw, 605px\" \/><\/div>\n\t\t<\/figure>\n\t<\/div>\n<\/div><\/div><\/div><\/div><\/div><\/div><\/div><\/div><\/div><div class=\"vc_row-full-width vc_clearfix\"><\/div>\n<\/div>","protected":false},"excerpt":{"rendered":"Sz\u00e1ll\u00edt\u00f3p\u00e1ly\u00e1k \u00e9s sz\u00e1ll\u00edt\u00f3szalag rendszerekAz Innomotion Kft. ipari sz\u00e1ll\u00edt\u00f3p\u00e1ly\u00e1k \u00e9s sz\u00e1ll\u00edt\u00f3szalag rendszerek fejleszt\u00e9s\u00e9vel, gy\u00e1rt\u00e1s\u00e1val \u00e9s integr\u00e1l\u00e1s\u00e1val seg\u00edti partnereit a hat\u00e9kony, biztons\u00e1gos [...]","protected":false},"author":1,"featured_media":0,"parent":0,"menu_order":0,"comment_status":"closed","ping_status":"closed","template":"","meta":{"footnotes":""},"class_list":["post-9943","page","type-page","status-publish","hentry"],"yoast_head":"<!-- This site is optimized with the Yoast SEO plugin v27.5 - https:\/\/yoast.com\/product\/yoast-seo-wordpress\/ -->\n<title>Sz\u00e1ll\u00edt\u00f3p\u00e1ly\u00e1k - Innomotion Kft.<\/title>\n<meta name=\"description\" content=\"Hat\u00e9kony ipari sz\u00e1ll\u00edt\u00f3p\u00e1ly\u00e1k \u00e9s sz\u00e1ll\u00edt\u00f3szalag rendszerek tervez\u00e9se, gy\u00e1rt\u00e1sa \u00e9s integr\u00e1l\u00e1sa. Automatiz\u00e1lt anyagmozgat\u00e1s egy k\u00e9zb\u0151l.\" \/>\n<meta name=\"robots\" content=\"index, follow, max-snippet:-1, max-image-preview:large, max-video-preview:-1\" \/>\n<link rel=\"canonical\" href=\"https:\/\/www.innomotion.hu\/en\/szallitopalyak\/\" \/>\n<meta property=\"og:locale\" content=\"en_US\" \/>\n<meta property=\"og:type\" content=\"article\" \/>\n<meta property=\"og:title\" content=\"Sz\u00e1ll\u00edt\u00f3p\u00e1ly\u00e1k - Innomotion Kft.\" \/>\n<meta property=\"og:description\" content=\"Hat\u00e9kony ipari sz\u00e1ll\u00edt\u00f3p\u00e1ly\u00e1k \u00e9s sz\u00e1ll\u00edt\u00f3szalag rendszerek tervez\u00e9se, gy\u00e1rt\u00e1sa \u00e9s integr\u00e1l\u00e1sa. Automatiz\u00e1lt anyagmozgat\u00e1s egy k\u00e9zb\u0151l.\" \/>\n<meta property=\"og:url\" content=\"https:\/\/www.innomotion.hu\/en\/szallitopalyak\/\" \/>\n<meta property=\"og:site_name\" content=\"Innomotion Kft.\" \/>\n<meta property=\"article:modified_time\" content=\"2026-01-21T14:07:10+00:00\" \/>\n<meta name=\"twitter:card\" content=\"summary_large_image\" \/>\n<meta name=\"twitter:label1\" content=\"Est. reading time\" \/>\n\t<meta name=\"twitter:data1\" content=\"2 minutes\" \/>\n<script type=\"application\/ld+json\" class=\"yoast-schema-graph\">{\"@context\":\"https:\\\/\\\/schema.org\",\"@graph\":[{\"@type\":\"WebPage\",\"@id\":\"https:\\\/\\\/www.innomotion.hu\\\/szallitopalyak\\\/\",\"url\":\"https:\\\/\\\/www.innomotion.hu\\\/szallitopalyak\\\/\",\"name\":\"Sz\u00e1ll\u00edt\u00f3p\u00e1ly\u00e1k - Innomotion Kft.\",\"isPartOf\":{\"@id\":\"https:\\\/\\\/www.innomotion.hu\\\/#website\"},\"datePublished\":\"2025-11-04T09:17:30+00:00\",\"dateModified\":\"2026-01-21T14:07:10+00:00\",\"description\":\"Hat\u00e9kony ipari sz\u00e1ll\u00edt\u00f3p\u00e1ly\u00e1k \u00e9s sz\u00e1ll\u00edt\u00f3szalag rendszerek tervez\u00e9se, gy\u00e1rt\u00e1sa \u00e9s integr\u00e1l\u00e1sa. Automatiz\u00e1lt anyagmozgat\u00e1s egy k\u00e9zb\u0151l.\",\"breadcrumb\":{\"@id\":\"https:\\\/\\\/www.innomotion.hu\\\/szallitopalyak\\\/#breadcrumb\"},\"inLanguage\":\"en-US\",\"potentialAction\":[{\"@type\":\"ReadAction\",\"target\":[\"https:\\\/\\\/www.innomotion.hu\\\/szallitopalyak\\\/\"]}]},{\"@type\":\"BreadcrumbList\",\"@id\":\"https:\\\/\\\/www.innomotion.hu\\\/szallitopalyak\\\/#breadcrumb\",\"itemListElement\":[{\"@type\":\"ListItem\",\"position\":1,\"name\":\"Kezd\u0151lap\",\"item\":\"https:\\\/\\\/www.innomotion.hu\\\/\"},{\"@type\":\"ListItem\",\"position\":2,\"name\":\"Sz\u00e1ll\u00edt\u00f3p\u00e1ly\u00e1k\"}]},{\"@type\":\"WebSite\",\"@id\":\"https:\\\/\\\/www.innomotion.hu\\\/#website\",\"url\":\"https:\\\/\\\/www.innomotion.hu\\\/\",\"name\":\"Innomotion Kft.\",\"description\":\"Egyedi g\u00e9pek tervez\u00e9se \u00e9s gy\u00e1rt\u00e1sa!\",\"potentialAction\":[{\"@type\":\"SearchAction\",\"target\":{\"@type\":\"EntryPoint\",\"urlTemplate\":\"https:\\\/\\\/www.innomotion.hu\\\/?s={search_term_string}\"},\"query-input\":{\"@type\":\"PropertyValueSpecification\",\"valueRequired\":true,\"valueName\":\"search_term_string\"}}],\"inLanguage\":\"en-US\"}]}<\/script>\n<!-- \/ Yoast SEO plugin. -->","yoast_head_json":{"title":"Sz\u00e1ll\u00edt\u00f3p\u00e1ly\u00e1k - Innomotion Kft.","description":"Hat\u00e9kony ipari sz\u00e1ll\u00edt\u00f3p\u00e1ly\u00e1k \u00e9s sz\u00e1ll\u00edt\u00f3szalag rendszerek tervez\u00e9se, gy\u00e1rt\u00e1sa \u00e9s integr\u00e1l\u00e1sa. Automatiz\u00e1lt anyagmozgat\u00e1s egy k\u00e9zb\u0151l.","robots":{"index":"index","follow":"follow","max-snippet":"max-snippet:-1","max-image-preview":"max-image-preview:large","max-video-preview":"max-video-preview:-1"},"canonical":"https:\/\/www.innomotion.hu\/en\/szallitopalyak\/","og_locale":"en_US","og_type":"article","og_title":"Sz\u00e1ll\u00edt\u00f3p\u00e1ly\u00e1k - Innomotion Kft.","og_description":"Hat\u00e9kony ipari sz\u00e1ll\u00edt\u00f3p\u00e1ly\u00e1k \u00e9s sz\u00e1ll\u00edt\u00f3szalag rendszerek tervez\u00e9se, gy\u00e1rt\u00e1sa \u00e9s integr\u00e1l\u00e1sa. Automatiz\u00e1lt anyagmozgat\u00e1s egy k\u00e9zb\u0151l.","og_url":"https:\/\/www.innomotion.hu\/en\/szallitopalyak\/","og_site_name":"Innomotion Kft.","article_modified_time":"2026-01-21T14:07:10+00:00","twitter_card":"summary_large_image","twitter_misc":{"Est. reading time":"2 minutes"},"schema":{"@context":"https:\/\/schema.org","@graph":[{"@type":"WebPage","@id":"https:\/\/www.innomotion.hu\/szallitopalyak\/","url":"https:\/\/www.innomotion.hu\/szallitopalyak\/","name":"Sz\u00e1ll\u00edt\u00f3p\u00e1ly\u00e1k - Innomotion Kft.","isPartOf":{"@id":"https:\/\/www.innomotion.hu\/#website"},"datePublished":"2025-11-04T09:17:30+00:00","dateModified":"2026-01-21T14:07:10+00:00","description":"Hat\u00e9kony ipari sz\u00e1ll\u00edt\u00f3p\u00e1ly\u00e1k \u00e9s sz\u00e1ll\u00edt\u00f3szalag rendszerek tervez\u00e9se, gy\u00e1rt\u00e1sa \u00e9s integr\u00e1l\u00e1sa. Automatiz\u00e1lt anyagmozgat\u00e1s egy k\u00e9zb\u0151l.","breadcrumb":{"@id":"https:\/\/www.innomotion.hu\/szallitopalyak\/#breadcrumb"},"inLanguage":"en-US","potentialAction":[{"@type":"ReadAction","target":["https:\/\/www.innomotion.hu\/szallitopalyak\/"]}]},{"@type":"BreadcrumbList","@id":"https:\/\/www.innomotion.hu\/szallitopalyak\/#breadcrumb","itemListElement":[{"@type":"ListItem","position":1,"name":"Kezd\u0151lap","item":"https:\/\/www.innomotion.hu\/"},{"@type":"ListItem","position":2,"name":"Sz\u00e1ll\u00edt\u00f3p\u00e1ly\u00e1k"}]},{"@type":"WebSite","@id":"https:\/\/www.innomotion.hu\/#website","url":"https:\/\/www.innomotion.hu\/","name":"Innomotion Kft.","description":"Egyedi g\u00e9pek tervez\u00e9se \u00e9s gy\u00e1rt\u00e1sa!","potentialAction":[{"@type":"SearchAction","target":{"@type":"EntryPoint","urlTemplate":"https:\/\/www.innomotion.hu\/?s={search_term_string}"},"query-input":{"@type":"PropertyValueSpecification","valueRequired":true,"valueName":"search_term_string"}}],"inLanguage":"en-US"}]}},"_links":{"self":[{"href":"https:\/\/www.innomotion.hu\/en\/wp-json\/wp\/v2\/pages\/9943","targetHints":{"allow":["GET"]}}],"collection":[{"href":"https:\/\/www.innomotion.hu\/en\/wp-json\/wp\/v2\/pages"}],"about":[{"href":"https:\/\/www.innomotion.hu\/en\/wp-json\/wp\/v2\/types\/page"}],"author":[{"embeddable":true,"href":"https:\/\/www.innomotion.hu\/en\/wp-json\/wp\/v2\/users\/1"}],"replies":[{"embeddable":true,"href":"https:\/\/www.innomotion.hu\/en\/wp-json\/wp\/v2\/comments?post=9943"}],"version-history":[{"count":12,"href":"https:\/\/www.innomotion.hu\/en\/wp-json\/wp\/v2\/pages\/9943\/revisions"}],"predecessor-version":[{"id":9969,"href":"https:\/\/www.innomotion.hu\/en\/wp-json\/wp\/v2\/pages\/9943\/revisions\/9969"}],"wp:attachment":[{"href":"https:\/\/www.innomotion.hu\/en\/wp-json\/wp\/v2\/media?parent=9943"}],"curies":[{"name":"wp","href":"https:\/\/api.w.org\/{rel}","templated":true}]}}